{"id":1693,"date":"2025-04-14T16:30:27","date_gmt":"2025-04-14T14:30:27","guid":{"rendered":"http:\/\/bareq88.webd.pl\/mogewszystko\/fundacja\/home-2\/"},"modified":"2025-04-26T12:45:04","modified_gmt":"2025-04-26T10:45:04","slug":"home-2","status":"publish","type":"page","link":"https:\/\/www.mogewszystko.edu.pl\/fundacja\/","title":{"rendered":"Home"},"content":{"rendered":"\t\t<div data-elementor-type=\"wp-page\" data-elementor-id=\"1693\" class=\"elementor elementor-1693\">\n\t\t\t\t<div class=\"elementor-element elementor-element-undefined-49a2e23 e-flex e-con-boxed e-con e-parent\" data-id=\"undefined-49a2e23\" data-element_type=\"container\" data-settings=\"{&quot;background_background&quot;:&quot;classic&quot;}\">\n\t\t\t\t\t<div class=\"e-con-inner\">\n\t\t\t\t<div class=\"elementor-element elementor-element-undefined-c767401 elementor-widget elementor-widget-heading\" data-id=\"undefined-c767401\" data-element_type=\"widget\" data-widget_type=\"heading.default\">\n\t\t\t\t<div class=\"elementor-widget-container\">\n\t\t\t\t\t<h5 class=\"elementor-heading-title elementor-size-default\">Fundacja<\/h5>\t\t\t\t<\/div>\n\t\t\t\t<\/div>\n\t\t\t\t<div class=\"elementor-element elementor-element-undefined-187f352 elementor-widget elementor-widget-heading\" data-id=\"undefined-187f352\" data-element_type=\"widget\" data-widget_type=\"heading.default\">\n\t\t\t\t<div class=\"elementor-widget-container\">\n\t\t\t\t\t<h1 class=\"elementor-heading-title elementor-size-default\">Mog\u0119 Wszystko<\/h1>\t\t\t\t<\/div>\n\t\t\t\t<\/div>\n\t\t\t\t\t<\/div>\n\t\t\t\t<\/div>\n\t\t<div class=\"elementor-element elementor-element-3034535b e-con-full e-flex e-con e-parent\" data-id=\"3034535b\" data-element_type=\"container\">\n\t\t<div class=\"elementor-element elementor-element-6a263b30 e-con-full e-flex e-con e-child\" data-id=\"6a263b30\" data-element_type=\"container\">\n\t\t\t\t<div class=\"elementor-element elementor-element-39b4cc8f elementor-widget elementor-widget-heading\" data-id=\"39b4cc8f\" data-element_type=\"widget\" data-widget_type=\"heading.default\">\n\t\t\t\t<div class=\"elementor-widget-container\">\n\t\t\t\t\t<h2 class=\"elementor-heading-title elementor-size-default\">Nasza Misja<\/h2>\t\t\t\t<\/div>\n\t\t\t\t<\/div>\n\t\t\t\t<div class=\"elementor-element elementor-element-6cca1cbf elementor-widget elementor-widget-text-editor\" data-id=\"6cca1cbf\" data-element_type=\"widget\" data-widget_type=\"text-editor.default\">\n\t\t\t\t<div class=\"elementor-widget-container\">\n\t\t\t\t\t\t\t\t\t<div>Nasza\u00a0<span class=\"il\">fundacja<\/span>\u00a0powsta\u0142a z my\u015bl\u0105 o dzieciach ze specjalnymi potrzebami edukacyjnymi oraz ich rodzinach. Wierzymy, \u017ce ka\u017cde dziecko zas\u0142uguje na pe\u0142ne wsparcie w rozwoju, edukacji i codziennym funkcjonowaniu. Naszym celem jest tworzenie przestrzeni, w kt\u00f3rej ka\u017cde dziecko mo\u017ce odkrywa\u0107 sw\u00f3j potencja\u0142, a jego rodzice i opiekunowie otrzymuj\u0105 niezb\u0119dn\u0105 pomoc, wiedz\u0119 i narz\u0119dzia do towarzyszenia mu w tej drodze.<\/div><div>D\u0105\u017cymy do tego, aby \u015bwiat stawa\u0142 si\u0119 bardziej dost\u0119pny, przyjazny i otwarty dla os\u00f3b z niepe\u0142nosprawno\u015bciami. Poprzez dzia\u0142ania edukacyjne, terapeutyczne i integracyjne pomagamy prze\u0142amywa\u0107 bariery i budowa\u0107 spo\u0142ecze\u0144stwo oparte na empatii i wzajemnym wsparciu.<\/div><div>Razem mo\u017cemy wi\u0119cej \u2013 wspieramy, edukujemy i inspirujemy, aby ka\u017cde dziecko mia\u0142o szans\u0119 na szcz\u0119\u015bliwe i pe\u0142ne \u017cycie.<\/div>\t\t\t\t\t\t\t\t<\/div>\n\t\t\t\t<\/div>\n\t\t\t\t<\/div>\n\t\t\t\t<\/div>\n\t\t<div class=\"elementor-element elementor-element-077b118 e-grid e-con-boxed e-con e-parent\" data-id=\"077b118\" data-element_type=\"container\">\n\t\t\t\t\t<div class=\"e-con-inner\">\n\t\t<div class=\"elementor-element elementor-element-632ebf6 e-con-full e-flex e-con e-child\" data-id=\"632ebf6\" data-element_type=\"container\">\n\t\t\t\t<\/div>\n\t\t\t\t\t<\/div>\n\t\t\t\t<\/div>\n\t\t\t\t<\/div>\n\t\t","protected":false},"excerpt":{"rendered":"<p>Fundacja Mog\u0119 Wszystko Nasza Misja Nasza\u00a0fundacja\u00a0powsta\u0142a z my\u015bl\u0105 o dzieciach ze specjalnymi potrzebami edukacyjnymi oraz ich rodzinach. Wierzymy, \u017ce ka\u017cde dziecko zas\u0142uguje na pe\u0142ne wsparcie w rozwoju, edukacji i codziennym funkcjonowaniu. Naszym celem jest tworzenie przestrzeni, w kt\u00f3rej ka\u017cde dziecko mo\u017ce odkrywa\u0107 sw\u00f3j potencja\u0142, a jego rodzice i opiekunowie otrzymuj\u0105 niezb\u0119dn\u0105 pomoc, wiedz\u0119 i narz\u0119dzia&#8230;<\/p>\n","protected":false},"author":1,"featured_media":0,"parent":0,"menu_order":0,"comment_status":"closed","ping_status":"closed","template":"elementor_header_footer","meta":{"_kad_post_transparent":"","_kad_post_title":"","_kad_post_layout":"","_kad_post_sidebar_id":"","_kad_post_content_style":"","_kad_post_vertical_padding":"","_kad_post_feature":"","_kad_post_feature_position":"","_kad_post_header":false,"_kad_post_footer":false,"footnotes":""},"class_list":["post-1693","page","type-page","status-publish","hentry"],"_links":{"self":[{"href":"https:\/\/www.mogewszystko.edu.pl\/fundacja\/wp-json\/wp\/v2\/pages\/1693","targetHints":{"allow":["GET"]}}],"collection":[{"href":"https:\/\/www.mogewszystko.edu.pl\/fundacja\/wp-json\/wp\/v2\/pages"}],"about":[{"href":"https:\/\/www.mogewszystko.edu.pl\/fundacja\/wp-json\/wp\/v2\/types\/page"}],"author":[{"embeddable":true,"href":"https:\/\/www.mogewszystko.edu.pl\/fundacja\/wp-json\/wp\/v2\/users\/1"}],"replies":[{"embeddable":true,"href":"https:\/\/www.mogewszystko.edu.pl\/fundacja\/wp-json\/wp\/v2\/comments?post=1693"}],"version-history":[{"count":55,"href":"https:\/\/www.mogewszystko.edu.pl\/fundacja\/wp-json\/wp\/v2\/pages\/1693\/revisions"}],"predecessor-version":[{"id":1767,"href":"https:\/\/www.mogewszystko.edu.pl\/fundacja\/wp-json\/wp\/v2\/pages\/1693\/revisions\/1767"}],"wp:attachment":[{"href":"https:\/\/www.mogewszystko.edu.pl\/fundacja\/wp-json\/wp\/v2\/media?parent=1693"}],"curies":[{"name":"wp","href":"https:\/\/api.w.org\/{rel}","templated":true}]}}