{"id":419,"date":"2025-03-20T11:32:59","date_gmt":"2025-03-20T10:32:59","guid":{"rendered":"http:\/\/bareq88.webd.pl\/mogewszystko\/gabinet\/?page_id=419"},"modified":"2025-03-20T11:46:22","modified_gmt":"2025-03-20T10:46:22","slug":"anna-sosnowska","status":"publish","type":"page","link":"https:\/\/www.mogewszystko.edu.pl\/gabinet\/anna-sosnowska\/","title":{"rendered":"Anna Sosnowska"},"content":{"rendered":"\n<div class=\"wp-block-uagb-container uagb-block-a2fchkf6 alignfull uagb-is-root-container\"><div class=\"uagb-container__shape uagb-container__shape-top\"><svg xmlns=\"https:\/\/www.w3.org\/2000\/svg\" viewBox=\"0 0 1000 100\" preserveAspectRatio=\"none\"><path class=\"uagb-container__shape-fill\" d=\"M0,6V0h1000v100L0,6z\"><\/path><\/svg><\/div><div class=\"uagb-container__shape uagb-container__shape-bottom uagb-container__shape-flip uagb-container__invert\" data-negative=\"false\"><svg xmlns=\"https:\/\/www.w3.org\/2000\/svg\" viewBox=\"0 0 1000 100\" preserveAspectRatio=\"none\"><path class=\"uagb-container__shape-fill\" d=\"M0,6V0h1000v100L0,6z\"><\/path><\/svg><\/div><div class=\"uagb-container-inner-blocks-wrap\">\n<div class=\"wp-block-uagb-container uagb-block-9c0239cc\">\n<div class=\"wp-block-columns is-layout-flex wp-container-core-columns-is-layout-28f84493 wp-block-columns-is-layout-flex\">\n<div class=\"wp-block-column is-layout-flow wp-block-column-is-layout-flow\" style=\"flex-basis:66.66%\">\n<p class=\"has-medium-font-size\"><strong>Anna Sosnowska<\/strong><\/p>\n\n\n\n<p>Pedagog specjalny i terapeuta z pasj\u0105<br>Jestem pedagogiem specjalnym i terapeutk\u0105 z ponad 10-letnim do\u015bwiadczeniem w pracy z<br>dzie\u0107mi ze spektrum autyzmu oraz innymi trudno\u015bciami rozwojowymi. Od trzech lat<br>prowadz\u0119 w\u0142asny gabinet wspomagania rozwoju \u201eMog\u0119 Wszystko\u201d, gdzie wraz z zespo\u0142em<br>specjalist\u00f3w holistycznie wspieramy rozw\u00f3j dzieci, dostosowuj\u0105c metody terapii do ich<br>indywidualnych potrzeb. Moja praca to nie tylko zaw\u00f3d, ale przede wszystkim pasja \u2013<br>ka\u017cdego dnia tworz\u0119 przestrze\u0144, w kt\u00f3rej dzieci czuj\u0105 si\u0119 bezpieczne, akceptowane i mog\u0105<br>rozwija\u0107 sw\u00f3j pe\u0142en potencja\u0142.<br>Prywatnie jestem mam\u0105 dw\u00f3ch wspania\u0142ych dziewczynek \u2013 Zosi i Jagny \u2013 oraz mi\u0142o\u015bniczk\u0105<br>sportu i \u015bpiewu. Wierz\u0119, \u017ce ruch i muzyka to kluczowe narz\u0119dzia wspieraj\u0105ce rozw\u00f3j dziecka,<br>dlatego na moich zaj\u0119ciach nie brakuje aktywno\u015bci ruchowych, \u015bpiewu i kreatywnej zabawy.<br>Uko\u0144czy\u0142am Akademi\u0119 Wychowania Fizycznego i Sportu oraz Uniwersytet Gda\u0144ski na<br>Wydziale Pedagogiki Specjalnej. Moja wiedza i umiej\u0119tno\u015bci s\u0105 stale poszerzane poprzez<br>liczne kursy i szkolenia, kt\u00f3re pozwalaj\u0105 mi stosowa\u0107 nowoczesne i skuteczne metody<br>terapeutyczne. <\/p>\n<\/div>\n\n\n\n<div class=\"wp-block-column is-layout-flow wp-block-column-is-layout-flow\" style=\"flex-basis:33.33%\">\n<figure class=\"wp-block-image size-full\"><img loading=\"lazy\" decoding=\"async\" width=\"1100\" height=\"1467\" src=\"http:\/\/bareq88.webd.pl\/mogewszystko\/gabinet\/wp-content\/uploads\/sites\/4\/2025\/03\/Anna-Sosnowska.jpg\" alt=\"\" class=\"wp-image-384\" srcset=\"https:\/\/www.mogewszystko.edu.pl\/gabinet\/wp-content\/uploads\/sites\/4\/2025\/03\/Anna-Sosnowska.jpg 1100w, https:\/\/www.mogewszystko.edu.pl\/gabinet\/wp-content\/uploads\/sites\/4\/2025\/03\/Anna-Sosnowska-225x300.jpg 225w, https:\/\/www.mogewszystko.edu.pl\/gabinet\/wp-content\/uploads\/sites\/4\/2025\/03\/Anna-Sosnowska-768x1024.jpg 768w\" sizes=\"auto, (max-width: 1100px) 100vw, 1100px\" \/><\/figure>\n<\/div>\n<\/div>\n\n\n\n<div class=\"wp-block-columns is-layout-flex wp-container-core-columns-is-layout-28f84493 wp-block-columns-is-layout-flex\">\n<div class=\"wp-block-column is-layout-flow wp-block-column-is-layout-flow\" style=\"flex-basis:100%\">\n<p>Uko\u0144czy\u0142am m.in.:<br>\uf0b7<strong> Terapia r\u0119ki I i II stopnia<\/strong> \u2013 wspieranie sprawno\u015bci manualnej i grafomotorycznej dzieci<br>\uf0b7 <strong>Wczesne wspomaganie rozwoju dzieci<\/strong> \u2013 terapia zmys\u0142owa \u2013 praca nad integracj\u0105 sensoryczn\u0105<br>\uf0b7 <strong>Komunikacja dzieci z autyzmem<\/strong> \u2013 budowanie efektywnych strategii komunikacyjnych<br>\uf0b7 <strong>AAC<\/strong> \u2013 komunikacja wspomagaj\u0105ca i alternatywna I i II stopnia \u2013 wspieranie dzieci niem\u00f3wi\u0105cych i z trudno\u015bciami w porozumiewaniu si\u0119<br>\uf0b7 <strong>Klinika Terapeuty i Diagnosty Integracji Sensorycznej I i II stopnia <\/strong>\u2013 diagnoza i terapia SI<br>\uf0b7 <strong>Wspomaganie rozwoju dzieci ze specyficznymi problemami w nauce<\/strong> \u2013 Szkolny Program Interwencyjny Sally Goddard Blythe oparty na integracji odruch\u00f3w oraz ocenie neuromotorycznej gotowo\u015bci do nauki testem przesiewowym INPP <br>\uf0b7 <strong>Terapia integracji sensorycznej dla dzieci 0-4 lata<\/strong> \u2013 diagnoza i terapia Si<br>\uf0b7 <strong>Kinesiotaping<\/strong> jako wsparcie w terapii Integracji sensorycznej.<\/p>\n\n\n\n<p><br>Jako pedagog specjalny k\u0142ad\u0119 ogromny nacisk na indywidualne podej\u015bcie do ka\u017cdego dziecka. Moje zaj\u0119cia opieraj\u0105 si\u0119 na budowaniu relacji, wzajemnym zaufaniu i dostosowaniu metod terapeutycznych do potrzeb oraz mo\u017cliwo\u015bci dziecka. Tworz\u0119 przestrze\u0144, w kt\u00f3rej dzieci mog\u0105 rozwija\u0107 swoje umiej\u0119tno\u015bci spo\u0142eczne, emocjonalne i poznawcze w spos\u00f3b naturalny i anga\u017cuj\u0105cy.<br>W moim gabinecie \u201eMog\u0119 Wszystko\u201d pracujemy w spos\u00f3b kompleksowy, \u0142\u0105cz\u0105c r\u00f3\u017cne podej\u015bcia terapeutyczne, aby jak najlepiej wspiera\u0107 rozw\u00f3j dzieci. Pe\u0142na energii i zaanga\u017cowania, nieustannie poszukuj\u0119 nowych metod i rozwi\u0105za\u0144, kt\u00f3re pomagaj\u0105 moim podopiecznym oraz ich rodzinom osi\u0105ga\u0107 sukcesy i pokonywa\u0107 codzienne wyzwania.<\/p>\n\n\n\n<div class=\"wp-block-uagb-buttons uagb-buttons__outer-wrap uagb-btn__default-btn uagb-btn-tablet__default-btn uagb-btn-mobile__default-btn uagb-block-57e23ca1\"><div class=\"uagb-buttons__wrap uagb-buttons-layout-wrap \">\n<div class=\"wp-block-uagb-buttons-child uagb-buttons__outer-wrap uagb-block-d872cfe5 wp-block-button\"><div class=\"uagb-button__wrapper\"><a class=\"uagb-buttons-repeater wp-block-button__link\" aria-label=\"\" href=\"http:\/\/www.mogewszystko.edu.pl\/gabinet\/#kadra\" rel=\"follow noopener\" target=\"_self\" role=\"button\"><div class=\"uagb-button__link\">Powr\u00f3t<\/div><\/a><\/div><\/div>\n<\/div><\/div>\n<\/div>\n<\/div>\n<\/div>\n<\/div><\/div>\n\n\n\n<div class=\"wp-block-uagb-container uagb-block-cc22d7be alignfull uagb-is-root-container\"><div class=\"uagb-container-inner-blocks-wrap\">\n<p><\/p>\n<\/div><\/div>\n\n\n\n<p><\/p>\n\n\n\n<div class=\"wp-block-uagb-container uagb-block-6f82293b alignfull uagb-is-root-container\"><div class=\"uagb-container__shape uagb-container__shape-top uagb-container__shape-flip\"><svg xmlns=\"https:\/\/www.w3.org\/2000\/svg\" viewBox=\"0 0 1000 100\" preserveAspectRatio=\"none\"><path class=\"uagb-container__shape-fill\" d=\"M0,6V0h1000v100L0,6z\"><\/path><\/svg><\/div><div class=\"uagb-container-inner-blocks-wrap\">\n<div class=\"wp-block-uagb-info-box uagb-block-2de13869 uagb-infobox__content-wrap  uagb-infobox-icon-above-title uagb-infobox-image-valign-top wp-block-uagb-info-box--has-margin\"><div class=\"uagb-infobox-margin-wrapper\"><div class=\"uagb-ifb-content\"><div class=\"uagb-ifb-title-wrap\"><span class=\"uagb-ifb-title-prefix\">Skontaktuj si\u0119 z nami<\/span><\/div><p class=\"uagb-ifb-desc\">Zadzwo\u0144 lub napisz, aby um\u00f3wi\u0107 si\u0119 na konsultacj\u0119. Czekamy na Ciebie!<\/p><div class=\"uagb-ifb-button-wrapper wp-block-button\"><a href=\"https:\/\/www.mogewszystko.edu.pl\/gabinet\/kontakt\" class=\"uagb-infobox-cta-link wp-block-button__link\" target=\"_self\" rel=\"noopener noreferrer\" onclick=\"return true;\"><span class=\"uagb-inline-editing\">Skontaktuj si\u0119 z nami<\/span><\/a><\/div><\/div><\/div><\/div>\n<\/div><\/div>\n","protected":false},"excerpt":{"rendered":"<p>Anna Sosnowska Pedagog specjalny i terapeuta z pasj\u0105Jestem pedagogiem specjalnym i terapeutk\u0105 z ponad 10-letnim do\u015bwiadczeniem w pracy zdzie\u0107mi ze [&hellip;]<\/p>\n","protected":false},"author":1,"featured_media":0,"parent":0,"menu_order":0,"comment_status":"closed","ping_status":"closed","template":"","meta":{"_uag_custom_page_level_css":"","site-sidebar-layout":"default","site-content-layout":"","ast-site-content-layout":"","site-content-style":"default","site-sidebar-style":"default","ast-global-header-display":"","ast-banner-title-visibility":"","ast-main-header-display":"","ast-hfb-above-header-display":"","ast-hfb-below-header-display":"","ast-hfb-mobile-header-display":"","site-post-title":"disabled","ast-breadcrumbs-content":"","ast-featured-img":"","footer-sml-layout":"","theme-transparent-header-meta":"","adv-header-id-meta":"","stick-header-meta":"","header-above-stick-meta":"","header-main-stick-meta":"","header-below-stick-meta":"","astra-migrate-meta-layouts":"default","ast-page-background-enabled":"default","ast-page-background-meta":{"desktop":{"background-color":"var(--ast-global-color-4)","background-image":"","background-repeat":"repeat","background-position":"center center","background-size":"auto","background-attachment":"scroll","background-type":"","background-media":"","overlay-type":"","overlay-color":"","overlay-opacity":"","overlay-gradient":""},"tablet":{"background-color":"","background-image":"","background-repeat":"repeat","background-position":"center center","background-size":"auto","background-attachment":"scroll","background-type":"","background-media":"","overlay-type":"","overlay-color":"","overlay-opacity":"","overlay-gradient":""},"mobile":{"background-color":"","background-image":"","background-repeat":"repeat","background-position":"center center","background-size":"auto","background-attachment":"scroll","background-type":"","background-media":"","overlay-type":"","overlay-color":"","overlay-opacity":"","overlay-gradient":""}},"ast-content-background-meta":{"desktop":{"background-color":"var(--ast-global-color-5)","background-image":"","background-repeat":"repeat","background-position":"center center","background-size":"auto","background-attachment":"scroll","background-type":"","background-media":"","overlay-type":"","overlay-color":"","overlay-opacity":"","overlay-gradient":""},"tablet":{"background-color":"var(--ast-global-color-5)","background-image":"","background-repeat":"repeat","background-position":"center center","background-size":"auto","background-attachment":"scroll","background-type":"","background-media":"","overlay-type":"","overlay-color":"","overlay-opacity":"","overlay-gradient":""},"mobile":{"background-color":"var(--ast-global-color-5)","background-image":"","background-repeat":"repeat","background-position":"center center","background-size":"auto","background-attachment":"scroll","background-type":"","background-media":"","overlay-type":"","overlay-color":"","overlay-opacity":"","overlay-gradient":""}},"footnotes":""},"class_list":["post-419","page","type-page","status-publish","hentry"],"uagb_featured_image_src":{"full":false,"thumbnail":false,"medium":false,"medium_large":false,"large":false,"1536x1536":false,"2048x2048":false},"uagb_author_info":{"display_name":"admin","author_link":"https:\/\/www.mogewszystko.edu.pl\/gabinet\/author\/admin\/"},"uagb_comment_info":0,"uagb_excerpt":"Anna Sosnowska Pedagog specjalny i terapeuta z pasj\u0105Jestem pedagogiem specjalnym i terapeutk\u0105 z ponad 10-letnim do\u015bwiadczeniem w pracy zdzie\u0107mi ze [&hellip;]","_links":{"self":[{"href":"https:\/\/www.mogewszystko.edu.pl\/gabinet\/wp-json\/wp\/v2\/pages\/419","targetHints":{"allow":["GET"]}}],"collection":[{"href":"https:\/\/www.mogewszystko.edu.pl\/gabinet\/wp-json\/wp\/v2\/pages"}],"about":[{"href":"https:\/\/www.mogewszystko.edu.pl\/gabinet\/wp-json\/wp\/v2\/types\/page"}],"author":[{"embeddable":true,"href":"https:\/\/www.mogewszystko.edu.pl\/gabinet\/wp-json\/wp\/v2\/users\/1"}],"replies":[{"embeddable":true,"href":"https:\/\/www.mogewszystko.edu.pl\/gabinet\/wp-json\/wp\/v2\/comments?post=419"}],"version-history":[{"count":7,"href":"https:\/\/www.mogewszystko.edu.pl\/gabinet\/wp-json\/wp\/v2\/pages\/419\/revisions"}],"predecessor-version":[{"id":427,"href":"https:\/\/www.mogewszystko.edu.pl\/gabinet\/wp-json\/wp\/v2\/pages\/419\/revisions\/427"}],"wp:attachment":[{"href":"https:\/\/www.mogewszystko.edu.pl\/gabinet\/wp-json\/wp\/v2\/media?parent=419"}],"curies":[{"name":"wp","href":"https:\/\/api.w.org\/{rel}","templated":true}]}}