{"id":434,"date":"2025-03-20T11:56:15","date_gmt":"2025-03-20T10:56:15","guid":{"rendered":"http:\/\/bareq88.webd.pl\/mogewszystko\/gabinet\/?page_id=434"},"modified":"2025-03-20T11:56:15","modified_gmt":"2025-03-20T10:56:15","slug":"magdalena-domanska","status":"publish","type":"page","link":"https:\/\/www.mogewszystko.edu.pl\/gabinet\/magdalena-domanska\/","title":{"rendered":"Magdalena Doma\u0144ska"},"content":{"rendered":"\n<div class=\"wp-block-uagb-container uagb-block-a2fchkf6 alignfull uagb-is-root-container\"><div class=\"uagb-container__shape uagb-container__shape-top\"><svg xmlns=\"https:\/\/www.w3.org\/2000\/svg\" viewBox=\"0 0 1000 100\" preserveAspectRatio=\"none\"><path class=\"uagb-container__shape-fill\" d=\"M0,6V0h1000v100L0,6z\"><\/path><\/svg><\/div><div class=\"uagb-container__shape uagb-container__shape-bottom uagb-container__shape-flip uagb-container__invert\" data-negative=\"false\"><svg xmlns=\"https:\/\/www.w3.org\/2000\/svg\" viewBox=\"0 0 1000 100\" preserveAspectRatio=\"none\"><path class=\"uagb-container__shape-fill\" d=\"M0,6V0h1000v100L0,6z\"><\/path><\/svg><\/div><div class=\"uagb-container-inner-blocks-wrap\">\n<div class=\"wp-block-uagb-container uagb-block-9c0239cc\">\n<div class=\"wp-block-columns is-layout-flex wp-container-core-columns-is-layout-28f84493 wp-block-columns-is-layout-flex\">\n<div class=\"wp-block-column is-layout-flow wp-block-column-is-layout-flow\" style=\"flex-basis:66.66%\">\n<p class=\"has-medium-font-size\"><strong>Magdalena Doma\u0144ska<\/strong><\/p>\n\n\n\n<p><strong>Neurologopeda, pedagog specjalny, nauczyciel wczesnej edukacji<\/strong><\/p>\n\n\n\n<p>Jestem wykwalifikowanym neurologoped\u0105, pedagogiem specjalnym oraz nauczycielem wczesnej edukacji. Na co dzie\u0144 pracuj\u0119 jako nauczyciel wsp\u00f3\u0142organizuj\u0105cy kszta\u0142cenie w Szkole Podstawowej nr 1 w Baninie. Moje podej\u015bcie do terapii logopedycznej opiera si\u0119 na kreatywno\u015bci i zaanga\u017cowaniu \u2013 uko\u0144czenie szko\u0142y musicalowej pozwala mi tworzy\u0107 unikalne scenariusze zaj\u0119\u0107, kt\u00f3re pobudzaj\u0105 wyobra\u017ani\u0119 i motywuj\u0105 dzieci do nauki.<\/p>\n\n\n\n<p>Podczas zaj\u0119\u0107 mali podopieczni wcielaj\u0105 si\u0119 w r\u00f3\u017cne role \u2013 staj\u0105 si\u0119 kucharzami, stra\u017cakami, budowniczymi czy odkrywcami zaginionych dinozaur\u00f3w. Dzi\u0119ki temu nauka poprawnej artykulacji d\u017awi\u0119k\u00f3w, sylab i wyraz\u00f3w staje si\u0119 fascynuj\u0105c\u0105 przygod\u0105, a nie monotonnym obowi\u0105zkiem. \u0141\u0105cz\u0119 r\u00f3\u017cne metody terapeutyczne i indywidualnie dobieram rozwi\u0105zania, kt\u00f3re \u2013 przy wsp\u00f3\u0142pracy z rodzicami \u2013 prowadz\u0105 do realnych sukces\u00f3w.<\/p>\n\n\n\n<p>Prywatnie jestem mam\u0105 cudownej Zosi, kt\u00f3ra nieustannie inspiruje mnie do odkrywania \u015bwiata na nowo \u2013 zar\u00f3wno z perspektywy dziecka, jak i rodzica. To do\u015bwiadczenie pozwala mi jeszcze lepiej rozumie\u0107 potrzeby moich podopiecznych i ich rodzin.<\/p>\n\n\n\n<div class=\"wp-block-uagb-buttons uagb-buttons__outer-wrap uagb-btn__default-btn uagb-btn-tablet__default-btn uagb-btn-mobile__default-btn uagb-block-e5e1cbdd\"><div class=\"uagb-buttons__wrap uagb-buttons-layout-wrap \">\n<div class=\"wp-block-uagb-buttons-child uagb-buttons__outer-wrap uagb-block-b5a0c932 wp-block-button\"><div class=\"uagb-button__wrapper\"><a class=\"uagb-buttons-repeater wp-block-button__link\" aria-label=\"\" href=\"http:\/\/www.mogewszystko.edu.pl\/gabinet\/#kadra\" rel=\"follow noopener\" target=\"_self\" role=\"button\"><div class=\"uagb-button__link\">Powr\u00f3t<\/div><\/a><\/div><\/div>\n<\/div><\/div>\n<\/div>\n\n\n\n<div class=\"wp-block-column is-layout-flow wp-block-column-is-layout-flow\" style=\"flex-basis:33.33%\">\n<figure class=\"wp-block-image size-full\"><img loading=\"lazy\" decoding=\"async\" width=\"1280\" height=\"1600\" src=\"http:\/\/bareq88.webd.pl\/mogewszystko\/gabinet\/wp-content\/uploads\/sites\/4\/2025\/03\/Magdalena-Domanska.jpeg\" alt=\"\" class=\"wp-image-382\" srcset=\"https:\/\/www.mogewszystko.edu.pl\/gabinet\/wp-content\/uploads\/sites\/4\/2025\/03\/Magdalena-Domanska.jpeg 1280w, https:\/\/www.mogewszystko.edu.pl\/gabinet\/wp-content\/uploads\/sites\/4\/2025\/03\/Magdalena-Domanska-240x300.jpeg 240w, https:\/\/www.mogewszystko.edu.pl\/gabinet\/wp-content\/uploads\/sites\/4\/2025\/03\/Magdalena-Domanska-819x1024.jpeg 819w, https:\/\/www.mogewszystko.edu.pl\/gabinet\/wp-content\/uploads\/sites\/4\/2025\/03\/Magdalena-Domanska-768x960.jpeg 768w, https:\/\/www.mogewszystko.edu.pl\/gabinet\/wp-content\/uploads\/sites\/4\/2025\/03\/Magdalena-Domanska-1229x1536.jpeg 1229w\" sizes=\"auto, (max-width: 1280px) 100vw, 1280px\" \/><\/figure>\n<\/div>\n<\/div>\n<\/div>\n<\/div><\/div>\n\n\n\n<p><\/p>\n\n\n\n<div class=\"wp-block-uagb-container uagb-block-6f82293b alignfull uagb-is-root-container\"><div class=\"uagb-container__shape uagb-container__shape-top uagb-container__shape-flip\"><svg xmlns=\"https:\/\/www.w3.org\/2000\/svg\" viewBox=\"0 0 1000 100\" preserveAspectRatio=\"none\"><path class=\"uagb-container__shape-fill\" d=\"M0,6V0h1000v100L0,6z\"><\/path><\/svg><\/div><div class=\"uagb-container-inner-blocks-wrap\">\n<div class=\"wp-block-uagb-info-box uagb-block-2de13869 uagb-infobox__content-wrap  uagb-infobox-icon-above-title uagb-infobox-image-valign-top wp-block-uagb-info-box--has-margin\"><div class=\"uagb-infobox-margin-wrapper\"><div class=\"uagb-ifb-content\"><div class=\"uagb-ifb-title-wrap\"><span class=\"uagb-ifb-title-prefix\">Skontaktuj si\u0119 z nami<\/span><\/div><p class=\"uagb-ifb-desc\">Zadzwo\u0144 lub napisz, aby um\u00f3wi\u0107 si\u0119 na konsultacj\u0119. Czekamy na Ciebie!<\/p><div class=\"uagb-ifb-button-wrapper wp-block-button\"><a href=\"https:\/\/www.mogewszystko.edu.pl\/gabinet\/kontakt\" class=\"uagb-infobox-cta-link wp-block-button__link\" target=\"_self\" rel=\"noopener noreferrer\" onclick=\"return true;\"><span class=\"uagb-inline-editing\">Skontaktuj si\u0119 z nami<\/span><\/a><\/div><\/div><\/div><\/div>\n<\/div><\/div>\n","protected":false},"excerpt":{"rendered":"<p>Magdalena Doma\u0144ska Neurologopeda, pedagog specjalny, nauczyciel wczesnej edukacji Jestem wykwalifikowanym neurologoped\u0105, pedagogiem specjalnym oraz nauczycielem wczesnej edukacji. Na co dzie\u0144 [&hellip;]<\/p>\n","protected":false},"author":1,"featured_media":0,"parent":0,"menu_order":0,"comment_status":"closed","ping_status":"closed","template":"","meta":{"_uag_custom_page_level_css":"","site-sidebar-layout":"default","site-content-layout":"","ast-site-content-layout":"","site-content-style":"default","site-sidebar-style":"default","ast-global-header-display":"","ast-banner-title-visibility":"","ast-main-header-display":"","ast-hfb-above-header-display":"","ast-hfb-below-header-display":"","ast-hfb-mobile-header-display":"","site-post-title":"disabled","ast-breadcrumbs-content":"","ast-featured-img":"","footer-sml-layout":"","theme-transparent-header-meta":"","adv-header-id-meta":"","stick-header-meta":"","header-above-stick-meta":"","header-main-stick-meta":"","header-below-stick-meta":"","astra-migrate-meta-layouts":"default","ast-page-background-enabled":"default","ast-page-background-meta":{"desktop":{"background-color":"var(--ast-global-color-4)","background-image":"","background-repeat":"repeat","background-position":"center center","background-size":"auto","background-attachment":"scroll","background-type":"","background-media":"","overlay-type":"","overlay-color":"","overlay-opacity":"","overlay-gradient":""},"tablet":{"background-color":"","background-image":"","background-repeat":"repeat","background-position":"center center","background-size":"auto","background-attachment":"scroll","background-type":"","background-media":"","overlay-type":"","overlay-color":"","overlay-opacity":"","overlay-gradient":""},"mobile":{"background-color":"","background-image":"","background-repeat":"repeat","background-position":"center center","background-size":"auto","background-attachment":"scroll","background-type":"","background-media":"","overlay-type":"","overlay-color":"","overlay-opacity":"","overlay-gradient":""}},"ast-content-background-meta":{"desktop":{"background-color":"var(--ast-global-color-5)","background-image":"","background-repeat":"repeat","background-position":"center center","background-size":"auto","background-attachment":"scroll","background-type":"","background-media":"","overlay-type":"","overlay-color":"","overlay-opacity":"","overlay-gradient":""},"tablet":{"background-color":"var(--ast-global-color-5)","background-image":"","background-repeat":"repeat","background-position":"center center","background-size":"auto","background-attachment":"scroll","background-type":"","background-media":"","overlay-type":"","overlay-color":"","overlay-opacity":"","overlay-gradient":""},"mobile":{"background-color":"var(--ast-global-color-5)","background-image":"","background-repeat":"repeat","background-position":"center center","background-size":"auto","background-attachment":"scroll","background-type":"","background-media":"","overlay-type":"","overlay-color":"","overlay-opacity":"","overlay-gradient":""}},"footnotes":""},"class_list":["post-434","page","type-page","status-publish","hentry"],"uagb_featured_image_src":{"full":false,"thumbnail":false,"medium":false,"medium_large":false,"large":false,"1536x1536":false,"2048x2048":false},"uagb_author_info":{"display_name":"admin","author_link":"https:\/\/www.mogewszystko.edu.pl\/gabinet\/author\/admin\/"},"uagb_comment_info":0,"uagb_excerpt":"Magdalena Doma\u0144ska Neurologopeda, pedagog specjalny, nauczyciel wczesnej edukacji Jestem wykwalifikowanym neurologoped\u0105, pedagogiem specjalnym oraz nauczycielem wczesnej edukacji. Na co dzie\u0144 [&hellip;]","_links":{"self":[{"href":"https:\/\/www.mogewszystko.edu.pl\/gabinet\/wp-json\/wp\/v2\/pages\/434","targetHints":{"allow":["GET"]}}],"collection":[{"href":"https:\/\/www.mogewszystko.edu.pl\/gabinet\/wp-json\/wp\/v2\/pages"}],"about":[{"href":"https:\/\/www.mogewszystko.edu.pl\/gabinet\/wp-json\/wp\/v2\/types\/page"}],"author":[{"embeddable":true,"href":"https:\/\/www.mogewszystko.edu.pl\/gabinet\/wp-json\/wp\/v2\/users\/1"}],"replies":[{"embeddable":true,"href":"https:\/\/www.mogewszystko.edu.pl\/gabinet\/wp-json\/wp\/v2\/comments?post=434"}],"version-history":[{"count":1,"href":"https:\/\/www.mogewszystko.edu.pl\/gabinet\/wp-json\/wp\/v2\/pages\/434\/revisions"}],"predecessor-version":[{"id":435,"href":"https:\/\/www.mogewszystko.edu.pl\/gabinet\/wp-json\/wp\/v2\/pages\/434\/revisions\/435"}],"wp:attachment":[{"href":"https:\/\/www.mogewszystko.edu.pl\/gabinet\/wp-json\/wp\/v2\/media?parent=434"}],"curies":[{"name":"wp","href":"https:\/\/api.w.org\/{rel}","templated":true}]}}