{"id":437,"date":"2025-03-20T12:03:30","date_gmt":"2025-03-20T11:03:30","guid":{"rendered":"http:\/\/bareq88.webd.pl\/mogewszystko\/gabinet\/?page_id=437"},"modified":"2025-03-20T12:03:30","modified_gmt":"2025-03-20T11:03:30","slug":"karolina-liszewska","status":"publish","type":"page","link":"https:\/\/www.mogewszystko.edu.pl\/gabinet\/karolina-liszewska\/","title":{"rendered":"Karolina Liszewska"},"content":{"rendered":"\n<div class=\"wp-block-uagb-container uagb-block-a2fchkf6 alignfull uagb-is-root-container\"><div class=\"uagb-container__shape uagb-container__shape-top\"><svg xmlns=\"https:\/\/www.w3.org\/2000\/svg\" viewBox=\"0 0 1000 100\" preserveAspectRatio=\"none\"><path class=\"uagb-container__shape-fill\" d=\"M0,6V0h1000v100L0,6z\"><\/path><\/svg><\/div><div class=\"uagb-container__shape uagb-container__shape-bottom uagb-container__shape-flip uagb-container__invert\" data-negative=\"false\"><svg xmlns=\"https:\/\/www.w3.org\/2000\/svg\" viewBox=\"0 0 1000 100\" preserveAspectRatio=\"none\"><path class=\"uagb-container__shape-fill\" d=\"M0,6V0h1000v100L0,6z\"><\/path><\/svg><\/div><div class=\"uagb-container-inner-blocks-wrap\">\n<div class=\"wp-block-uagb-container uagb-block-9c0239cc\">\n<div class=\"wp-block-columns is-layout-flex wp-container-core-columns-is-layout-28f84493 wp-block-columns-is-layout-flex\">\n<div class=\"wp-block-column is-layout-flow wp-block-column-is-layout-flow\" style=\"flex-basis:66.66%\">\n<p class=\"has-medium-font-size\"><strong>Karolina Liszewska<\/strong><\/p>\n\n\n\n<p><strong>Pedagog Specjalny, Mama i Pani Gitara<\/strong><\/p>\n\n\n\n<p>Uniwersytet Warmi\u0144sko Mazurski oraz Uniwersytet Gda\u0144ski pozwoli\u0142 mi naby\u0107 wykszta\u0142cenie pedagoga specjalnego. Ju\u017c w trakcie studi\u00f3w, a by\u0142o to ponad 10 lat temu, pracowa\u0142am jako asystent osoby niepe\u0142nosprawnej. To by\u0142 pocz\u0105tek pi\u0119knej przygody i relacji, kt\u00f3ra trwa po dzi\u015b dzie\u0144.&nbsp;<\/p>\n\n\n\n<p>Ta pierwsza praca zapocz\u0105tkowa\u0142a kierunek mojej \u015bcie\u017cki zawodowej, w kt\u00f3rej stawiam przede wszystkim na nawi\u0105zanie relacji, wzmacnianie wi\u0119zi. Takie fundamenty jak zaufanie, szacunek czy empatia s\u0105 podstaw\u0105 do zdobywania wielu sukces\u00f3w.<\/p>\n\n\n\n<p>Do\u015bwiadczenie zawodowe zdobywa\u0142am w pracy z dzie\u0107mi z r\u00f3\u017cnymi trudno\u015bciami rozwojowymi. Pracowa\u0142am w O\u015brodku Rewalidacyjno- Edukacyjno Wychowawczym jako nauczyciel domowy. Ta praca nauczy\u0142a mnie przede wszystkim cierpliwo\u015bci i stawiania mo\u017cliwych do osi\u0105gni\u0119cia cel\u00f3w. Rodzice dzieci, z kt\u00f3rymi pracowa\u0142am, Ci naprawd\u0119 bardzo silni i walcz\u0105cy o ka\u017cdy dzie\u0144 swoich pociech ludzie, otwierali przede mn\u0105 sw\u00f3j \u015bwiat, przez co nauczy\u0142am si\u0119 patrze\u0107 na \u015bwiat z pokor\u0105 i czerpa\u0107 rado\u015b\u0107 z \u017cycia, kt\u00f3re nie zawsze jest kolorowe.&nbsp;<\/p>\n\n\n\n<p>Prywatnie jestem mam\u0105 Franciszka i Helenki, kt\u00f3rzy ka\u017cdego dnia wp\u0142ywaj\u0105 na proces mojego rozwoju osobistego, jak i zawodowego.<\/p>\n\n\n\n<p>Poza prac\u0105 terapeutyczn\u0105 rozwijam si\u0119 tak\u017ce w kierunku muzycznym. Jestem instruktorem rytmiki, kt\u00f3ry ka\u017cdego dnia z gitar\u0105, ukulele lub innymi instrumentami stara si\u0119 rozwesela\u0107 dzieciom dzie\u0144 w przedszkolu.Poprzez rozwijanie poczucie rytmu wp\u0142ywam na to, \u017ce lepiej radz\u0105 sobie z nauk\u0105 czytania i pisania. Wzmacniam koordynacj\u0105 r\u0119ka-oko i sprawno\u015b\u0107 fizyczn\u0105, a tak\u017ce nauk\u0119 koncentracji, a to wszystko przez radosn\u0105 zabaw\u0119.<\/p>\n\n\n\n<p>Moja g\u0142owa jest pe\u0142na pomys\u0142\u00f3w, dlatego stale poszerzam wiedz\u0119 i umiej\u0119tno\u015bci. Od niedawna jestem tak\u017ce certyfikowanym Terapeut\u0105 r\u0119ki, co pozwoli mi na wdro\u017cenie nowych i skutecznych metod w terapii.<\/p>\n\n\n\n<p>W moich marzeniach opr\u00f3cz wielkich podr\u00f3\u017cy po Stanach Zjednoczonych jest tak\u017ce wydanie serii ksi\u0105\u017cek dla dzieci, nad kt\u00f3r\u0105 pracuj\u0119 ju\u017c od paru lat.&nbsp;<\/p>\n\n\n\n<div class=\"wp-block-uagb-buttons uagb-buttons__outer-wrap uagb-btn__default-btn uagb-btn-tablet__default-btn uagb-btn-mobile__default-btn uagb-block-e5e1cbdd\"><div class=\"uagb-buttons__wrap uagb-buttons-layout-wrap \">\n<div class=\"wp-block-uagb-buttons-child uagb-buttons__outer-wrap uagb-block-b5a0c932 wp-block-button\"><div class=\"uagb-button__wrapper\"><a class=\"uagb-buttons-repeater wp-block-button__link\" aria-label=\"\" href=\"http:\/\/www.mogewszystko.edu.pl\/gabinet\/#kadra\" rel=\"follow noopener\" target=\"_self\" role=\"button\"><div class=\"uagb-button__link\">Powr\u00f3t<\/div><\/a><\/div><\/div>\n<\/div><\/div>\n<\/div>\n\n\n\n<div class=\"wp-block-column is-layout-flow wp-block-column-is-layout-flow\" style=\"flex-basis:33.33%\">\n<figure class=\"wp-block-image size-full\"><img loading=\"lazy\" decoding=\"async\" width=\"720\" height=\"960\" src=\"http:\/\/bareq88.webd.pl\/mogewszystko\/gabinet\/wp-content\/uploads\/sites\/4\/2025\/03\/Karolina-Liszewska.jpeg\" alt=\"\" class=\"wp-image-381\" srcset=\"https:\/\/www.mogewszystko.edu.pl\/gabinet\/wp-content\/uploads\/sites\/4\/2025\/03\/Karolina-Liszewska.jpeg 720w, https:\/\/www.mogewszystko.edu.pl\/gabinet\/wp-content\/uploads\/sites\/4\/2025\/03\/Karolina-Liszewska-225x300.jpeg 225w\" sizes=\"auto, (max-width: 720px) 100vw, 720px\" \/><\/figure>\n<\/div>\n<\/div>\n<\/div>\n<\/div><\/div>\n\n\n\n<p><\/p>\n\n\n\n<div class=\"wp-block-uagb-container uagb-block-6f82293b alignfull uagb-is-root-container\"><div class=\"uagb-container__shape uagb-container__shape-top uagb-container__shape-flip\"><svg xmlns=\"https:\/\/www.w3.org\/2000\/svg\" viewBox=\"0 0 1000 100\" preserveAspectRatio=\"none\"><path class=\"uagb-container__shape-fill\" d=\"M0,6V0h1000v100L0,6z\"><\/path><\/svg><\/div><div class=\"uagb-container-inner-blocks-wrap\">\n<div class=\"wp-block-uagb-info-box uagb-block-2de13869 uagb-infobox__content-wrap  uagb-infobox-icon-above-title uagb-infobox-image-valign-top wp-block-uagb-info-box--has-margin\"><div class=\"uagb-infobox-margin-wrapper\"><div class=\"uagb-ifb-content\"><div class=\"uagb-ifb-title-wrap\"><span class=\"uagb-ifb-title-prefix\">Skontaktuj si\u0119 z nami<\/span><\/div><p class=\"uagb-ifb-desc\">Zadzwo\u0144 lub napisz, aby um\u00f3wi\u0107 si\u0119 na konsultacj\u0119. Czekamy na Ciebie!<\/p><div class=\"uagb-ifb-button-wrapper wp-block-button\"><a href=\"https:\/\/www.mogewszystko.edu.pl\/gabinet\/kontakt\" class=\"uagb-infobox-cta-link wp-block-button__link\" target=\"_self\" rel=\"noopener noreferrer\" onclick=\"return true;\"><span class=\"uagb-inline-editing\">Skontaktuj si\u0119 z nami<\/span><\/a><\/div><\/div><\/div><\/div>\n<\/div><\/div>\n","protected":false},"excerpt":{"rendered":"<p>Karolina Liszewska Pedagog Specjalny, Mama i Pani Gitara Uniwersytet Warmi\u0144sko Mazurski oraz Uniwersytet Gda\u0144ski pozwoli\u0142 mi naby\u0107 wykszta\u0142cenie pedagoga specjalnego. [&hellip;]<\/p>\n","protected":false},"author":1,"featured_media":0,"parent":0,"menu_order":0,"comment_status":"closed","ping_status":"closed","template":"","meta":{"_uag_custom_page_level_css":"","site-sidebar-layout":"default","site-content-layout":"","ast-site-content-layout":"","site-content-style":"default","site-sidebar-style":"default","ast-global-header-display":"","ast-banner-title-visibility":"","ast-main-header-display":"","ast-hfb-above-header-display":"","ast-hfb-below-header-display":"","ast-hfb-mobile-header-display":"","site-post-title":"disabled","ast-breadcrumbs-content":"","ast-featured-img":"","footer-sml-layout":"","theme-transparent-header-meta":"","adv-header-id-meta":"","stick-header-meta":"","header-above-stick-meta":"","header-main-stick-meta":"","header-below-stick-meta":"","astra-migrate-meta-layouts":"default","ast-page-background-enabled":"default","ast-page-background-meta":{"desktop":{"background-color":"var(--ast-global-color-4)","background-image":"","background-repeat":"repeat","background-position":"center center","background-size":"auto","background-attachment":"scroll","background-type":"","background-media":"","overlay-type":"","overlay-color":"","overlay-opacity":"","overlay-gradient":""},"tablet":{"background-color":"","background-image":"","background-repeat":"repeat","background-position":"center center","background-size":"auto","background-attachment":"scroll","background-type":"","background-media":"","overlay-type":"","overlay-color":"","overlay-opacity":"","overlay-gradient":""},"mobile":{"background-color":"","background-image":"","background-repeat":"repeat","background-position":"center center","background-size":"auto","background-attachment":"scroll","background-type":"","background-media":"","overlay-type":"","overlay-color":"","overlay-opacity":"","overlay-gradient":""}},"ast-content-background-meta":{"desktop":{"background-color":"var(--ast-global-color-5)","background-image":"","background-repeat":"repeat","background-position":"center center","background-size":"auto","background-attachment":"scroll","background-type":"","background-media":"","overlay-type":"","overlay-color":"","overlay-opacity":"","overlay-gradient":""},"tablet":{"background-color":"var(--ast-global-color-5)","background-image":"","background-repeat":"repeat","background-position":"center center","background-size":"auto","background-attachment":"scroll","background-type":"","background-media":"","overlay-type":"","overlay-color":"","overlay-opacity":"","overlay-gradient":""},"mobile":{"background-color":"var(--ast-global-color-5)","background-image":"","background-repeat":"repeat","background-position":"center center","background-size":"auto","background-attachment":"scroll","background-type":"","background-media":"","overlay-type":"","overlay-color":"","overlay-opacity":"","overlay-gradient":""}},"footnotes":""},"class_list":["post-437","page","type-page","status-publish","hentry"],"uagb_featured_image_src":{"full":false,"thumbnail":false,"medium":false,"medium_large":false,"large":false,"1536x1536":false,"2048x2048":false},"uagb_author_info":{"display_name":"admin","author_link":"https:\/\/www.mogewszystko.edu.pl\/gabinet\/author\/admin\/"},"uagb_comment_info":0,"uagb_excerpt":"Karolina Liszewska Pedagog Specjalny, Mama i Pani Gitara Uniwersytet Warmi\u0144sko Mazurski oraz Uniwersytet Gda\u0144ski pozwoli\u0142 mi naby\u0107 wykszta\u0142cenie pedagoga specjalnego. [&hellip;]","_links":{"self":[{"href":"https:\/\/www.mogewszystko.edu.pl\/gabinet\/wp-json\/wp\/v2\/pages\/437","targetHints":{"allow":["GET"]}}],"collection":[{"href":"https:\/\/www.mogewszystko.edu.pl\/gabinet\/wp-json\/wp\/v2\/pages"}],"about":[{"href":"https:\/\/www.mogewszystko.edu.pl\/gabinet\/wp-json\/wp\/v2\/types\/page"}],"author":[{"embeddable":true,"href":"https:\/\/www.mogewszystko.edu.pl\/gabinet\/wp-json\/wp\/v2\/users\/1"}],"replies":[{"embeddable":true,"href":"https:\/\/www.mogewszystko.edu.pl\/gabinet\/wp-json\/wp\/v2\/comments?post=437"}],"version-history":[{"count":1,"href":"https:\/\/www.mogewszystko.edu.pl\/gabinet\/wp-json\/wp\/v2\/pages\/437\/revisions"}],"predecessor-version":[{"id":438,"href":"https:\/\/www.mogewszystko.edu.pl\/gabinet\/wp-json\/wp\/v2\/pages\/437\/revisions\/438"}],"wp:attachment":[{"href":"https:\/\/www.mogewszystko.edu.pl\/gabinet\/wp-json\/wp\/v2\/media?parent=437"}],"curies":[{"name":"wp","href":"https:\/\/api.w.org\/{rel}","templated":true}]}}