{"id":439,"date":"2025-03-20T12:07:01","date_gmt":"2025-03-20T11:07:01","guid":{"rendered":"http:\/\/bareq88.webd.pl\/mogewszystko\/gabinet\/?page_id=439"},"modified":"2025-03-20T12:07:48","modified_gmt":"2025-03-20T11:07:48","slug":"katarzyna-tkacz","status":"publish","type":"page","link":"https:\/\/www.mogewszystko.edu.pl\/gabinet\/katarzyna-tkacz\/","title":{"rendered":"Katarzyna Tkacz"},"content":{"rendered":"\n<div class=\"wp-block-uagb-container uagb-block-a2fchkf6 alignfull uagb-is-root-container\"><div class=\"uagb-container__shape uagb-container__shape-top\"><svg xmlns=\"https:\/\/www.w3.org\/2000\/svg\" viewBox=\"0 0 1000 100\" preserveAspectRatio=\"none\"><path class=\"uagb-container__shape-fill\" d=\"M0,6V0h1000v100L0,6z\"><\/path><\/svg><\/div><div class=\"uagb-container__shape uagb-container__shape-bottom uagb-container__shape-flip uagb-container__invert\" data-negative=\"false\"><svg xmlns=\"https:\/\/www.w3.org\/2000\/svg\" viewBox=\"0 0 1000 100\" preserveAspectRatio=\"none\"><path class=\"uagb-container__shape-fill\" d=\"M0,6V0h1000v100L0,6z\"><\/path><\/svg><\/div><div class=\"uagb-container-inner-blocks-wrap\">\n<div class=\"wp-block-uagb-container uagb-block-9c0239cc\">\n<div class=\"wp-block-columns is-layout-flex wp-container-core-columns-is-layout-28f84493 wp-block-columns-is-layout-flex\">\n<div class=\"wp-block-column is-layout-flow wp-block-column-is-layout-flow\" style=\"flex-basis:66.66%\">\n<p class=\"has-medium-font-size\"><strong>Katarzyna Tkacz<\/strong><\/p>\n\n\n\n<p>Witajcie, jestem Kasia!<\/p>\n\n\n\n<p>Prywatnie psycholog, terapeuta integracji sensorycznej, oligofrenopedagog, edukator Pozytywnej Dyscypliny. Na co dzie\u0144 mama 2 wspania\u0142ych dzieci \u2013 7 latka i 5 latki. Moj\u0105 najwi\u0119ksz\u0105 motywacj\u0105 do pracy jest u\u015bmiech dziecka. Pomagam rodzicom w trudach wychowawczych, pokazuj\u0105c sposoby i daj\u0105c narz\u0119dzia do zminimalizowania trudno\u015bci, a tak\u017ce wspieram rozw\u00f3j dziecka.<\/p>\n\n\n\n<p>Uko\u0144czy\u0142am studnia magisterskie na Uniwersytecie Gda\u0144skim, na kierunku psychologia dzieci i m\u0142odzie\u017cy, podyplomowe studia z oligofrenopedagogiki, terapii integracji sensorycznej dla dzieci w wieku 0-4 oraz 4-8. Swoje do\u015bwiadczenie zawodowe zdoby\u0142am prowadz\u0105c terapi\u0119 indywidualn\u0105 oraz grupow\u0105 dla dzieci z autyzmem, zespo\u0142em Aspergera, mutyzmem, udzielaj\u0105c konsultacji rodzicielskich, prowadz\u0105c diagnozy psychologiczne oraz warsztaty<br>i szkolenia dla rodzic\u00f3w. Wsp\u00f3\u0142prowadzi\u0142am zaj\u0119cia w ramach Wczesnego Wspomagania Rozwoju i Treningu Umiej\u0119tno\u015bci Spo\u0142ecznych.<\/p>\n\n\n\n<p>\u00a0<\/p>\n\n\n\n<p><\/p>\n<\/div>\n\n\n\n<div class=\"wp-block-column is-layout-flow wp-block-column-is-layout-flow\" style=\"flex-basis:33.33%\">\n<figure class=\"wp-block-image size-full\"><img loading=\"lazy\" decoding=\"async\" width=\"1100\" height=\"1653\" src=\"http:\/\/bareq88.webd.pl\/mogewszystko\/gabinet\/wp-content\/uploads\/sites\/4\/2025\/03\/Kasia-Tkacz.jpg\" alt=\"\" class=\"wp-image-388\" srcset=\"https:\/\/www.mogewszystko.edu.pl\/gabinet\/wp-content\/uploads\/sites\/4\/2025\/03\/Kasia-Tkacz.jpg 1100w, https:\/\/www.mogewszystko.edu.pl\/gabinet\/wp-content\/uploads\/sites\/4\/2025\/03\/Kasia-Tkacz-200x300.jpg 200w, https:\/\/www.mogewszystko.edu.pl\/gabinet\/wp-content\/uploads\/sites\/4\/2025\/03\/Kasia-Tkacz-681x1024.jpg 681w, https:\/\/www.mogewszystko.edu.pl\/gabinet\/wp-content\/uploads\/sites\/4\/2025\/03\/Kasia-Tkacz-768x1154.jpg 768w, https:\/\/www.mogewszystko.edu.pl\/gabinet\/wp-content\/uploads\/sites\/4\/2025\/03\/Kasia-Tkacz-1022x1536.jpg 1022w\" sizes=\"auto, (max-width: 1100px) 100vw, 1100px\" \/><\/figure>\n<\/div>\n<\/div>\n\n\n\n<div class=\"wp-block-columns is-layout-flex wp-container-core-columns-is-layout-28f84493 wp-block-columns-is-layout-flex\">\n<div class=\"wp-block-column is-layout-flow wp-block-column-is-layout-flow\" style=\"flex-basis:100%\">\n<p><\/p>\n\n\n\n<p>Dodatkowo uko\u0144czy\u0142am wiele kurs\u00f3w, szkole\u0144 dotycz\u0105cych pracy z dzie\u0107mi z r\u00f3\u017cnymi trudno\u015bciami, mi\u0119dzy innymi: MNRI\u00ae Terapia NeuroTaktylna, MNRI\u00ae Integracja odruch\u00f3w dynamicznych i posturalnych, III stopniowy kurs doskonal\u0105cy \u201eTerapia behawioralna dzieci z autyzmem\u201d, \u201eCertyfikowany Edukator Pozytywnej Dyscypliny dla Rodzic\u00f3w\u201d, I i II stopie\u0144 Trenera Treningu Umiej\u0119tno\u015bci Spo\u0142ecznych, \u201eZaparcia nawykowe i moczenie\u201d, III stopniowy kurs doskonal\u0105cy \u201eMetoda Dobrego Startu\u201d, \u201eTerapia r\u0119ki i zaburze\u0144 motoryki ma\u0142ej\u201d, \u201eAAC komunikacja wspomagaj\u0105ca i alternatywna\u201d, \u201eTerapia dziecka z mutyzmem wybi\u00f3rczym\u201d, \u201eAkademia wiedzy o FAS\u201d. Bra\u0142am tak\u017ce udzia\u0142 w konferencjach naukowych oraz licznych webinariach, gromadz\u0105c cenne informacje.<\/p>\n\n\n\n<p>Ch\u0119tnie podziel\u0119 si\u0119 moj\u0105 wiedz\u0105 i do\u015bwiadczeniem.<br><\/p>\n\n\n\n<div class=\"wp-block-uagb-buttons uagb-buttons__outer-wrap uagb-btn__default-btn uagb-btn-tablet__default-btn uagb-btn-mobile__default-btn uagb-block-57e23ca1\"><div class=\"uagb-buttons__wrap uagb-buttons-layout-wrap \">\n<div class=\"wp-block-uagb-buttons-child uagb-buttons__outer-wrap uagb-block-d872cfe5 wp-block-button\"><div class=\"uagb-button__wrapper\"><a class=\"uagb-buttons-repeater wp-block-button__link\" aria-label=\"\" href=\"http:\/\/www.mogewszystko.edu.pl\/gabinet\/#kadra\" rel=\"follow noopener\" target=\"_self\" role=\"button\"><div class=\"uagb-button__link\">Powr\u00f3t<\/div><\/a><\/div><\/div>\n<\/div><\/div>\n<\/div>\n<\/div>\n<\/div>\n<\/div><\/div>\n\n\n\n<div class=\"wp-block-uagb-container uagb-block-cc22d7be alignfull uagb-is-root-container\"><div class=\"uagb-container-inner-blocks-wrap\">\n<p><\/p>\n<\/div><\/div>\n\n\n\n<p><\/p>\n\n\n\n<div class=\"wp-block-uagb-container uagb-block-6f82293b alignfull uagb-is-root-container\"><div class=\"uagb-container__shape uagb-container__shape-top uagb-container__shape-flip\"><svg xmlns=\"https:\/\/www.w3.org\/2000\/svg\" viewBox=\"0 0 1000 100\" preserveAspectRatio=\"none\"><path class=\"uagb-container__shape-fill\" d=\"M0,6V0h1000v100L0,6z\"><\/path><\/svg><\/div><div class=\"uagb-container-inner-blocks-wrap\">\n<div class=\"wp-block-uagb-info-box uagb-block-2de13869 uagb-infobox__content-wrap  uagb-infobox-icon-above-title uagb-infobox-image-valign-top wp-block-uagb-info-box--has-margin\"><div class=\"uagb-infobox-margin-wrapper\"><div class=\"uagb-ifb-content\"><div class=\"uagb-ifb-title-wrap\"><span class=\"uagb-ifb-title-prefix\">Skontaktuj si\u0119 z nami<\/span><\/div><p class=\"uagb-ifb-desc\">Zadzwo\u0144 lub napisz, aby um\u00f3wi\u0107 si\u0119 na konsultacj\u0119. Czekamy na Ciebie!<\/p><div class=\"uagb-ifb-button-wrapper wp-block-button\"><a href=\"https:\/\/www.mogewszystko.edu.pl\/gabinet\/kontakt\" class=\"uagb-infobox-cta-link wp-block-button__link\" target=\"_self\" rel=\"noopener noreferrer\" onclick=\"return true;\"><span class=\"uagb-inline-editing\">Skontaktuj si\u0119 z nami<\/span><\/a><\/div><\/div><\/div><\/div>\n<\/div><\/div>\n","protected":false},"excerpt":{"rendered":"<p>Katarzyna Tkacz Witajcie, jestem Kasia! Prywatnie psycholog, terapeuta integracji sensorycznej, oligofrenopedagog, edukator Pozytywnej Dyscypliny. Na co dzie\u0144 mama 2 wspania\u0142ych [&hellip;]<\/p>\n","protected":false},"author":1,"featured_media":0,"parent":0,"menu_order":0,"comment_status":"closed","ping_status":"closed","template":"","meta":{"_uag_custom_page_level_css":"","site-sidebar-layout":"default","site-content-layout":"","ast-site-content-layout":"","site-content-style":"default","site-sidebar-style":"default","ast-global-header-display":"","ast-banner-title-visibility":"","ast-main-header-display":"","ast-hfb-above-header-display":"","ast-hfb-below-header-display":"","ast-hfb-mobile-header-display":"","site-post-title":"disabled","ast-breadcrumbs-content":"","ast-featured-img":"","footer-sml-layout":"","theme-transparent-header-meta":"","adv-header-id-meta":"","stick-header-meta":"","header-above-stick-meta":"","header-main-stick-meta":"","header-below-stick-meta":"","astra-migrate-meta-layouts":"default","ast-page-background-enabled":"default","ast-page-background-meta":{"desktop":{"background-color":"var(--ast-global-color-4)","background-image":"","background-repeat":"repeat","background-position":"center center","background-size":"auto","background-attachment":"scroll","background-type":"","background-media":"","overlay-type":"","overlay-color":"","overlay-opacity":"","overlay-gradient":""},"tablet":{"background-color":"","background-image":"","background-repeat":"repeat","background-position":"center center","background-size":"auto","background-attachment":"scroll","background-type":"","background-media":"","overlay-type":"","overlay-color":"","overlay-opacity":"","overlay-gradient":""},"mobile":{"background-color":"","background-image":"","background-repeat":"repeat","background-position":"center center","background-size":"auto","background-attachment":"scroll","background-type":"","background-media":"","overlay-type":"","overlay-color":"","overlay-opacity":"","overlay-gradient":""}},"ast-content-background-meta":{"desktop":{"background-color":"var(--ast-global-color-5)","background-image":"","background-repeat":"repeat","background-position":"center center","background-size":"auto","background-attachment":"scroll","background-type":"","background-media":"","overlay-type":"","overlay-color":"","overlay-opacity":"","overlay-gradient":""},"tablet":{"background-color":"var(--ast-global-color-5)","background-image":"","background-repeat":"repeat","background-position":"center center","background-size":"auto","background-attachment":"scroll","background-type":"","background-media":"","overlay-type":"","overlay-color":"","overlay-opacity":"","overlay-gradient":""},"mobile":{"background-color":"var(--ast-global-color-5)","background-image":"","background-repeat":"repeat","background-position":"center center","background-size":"auto","background-attachment":"scroll","background-type":"","background-media":"","overlay-type":"","overlay-color":"","overlay-opacity":"","overlay-gradient":""}},"footnotes":""},"class_list":["post-439","page","type-page","status-publish","hentry"],"uagb_featured_image_src":{"full":false,"thumbnail":false,"medium":false,"medium_large":false,"large":false,"1536x1536":false,"2048x2048":false},"uagb_author_info":{"display_name":"admin","author_link":"https:\/\/www.mogewszystko.edu.pl\/gabinet\/author\/admin\/"},"uagb_comment_info":0,"uagb_excerpt":"Katarzyna Tkacz Witajcie, jestem Kasia! Prywatnie psycholog, terapeuta integracji sensorycznej, oligofrenopedagog, edukator Pozytywnej Dyscypliny. Na co dzie\u0144 mama 2 wspania\u0142ych [&hellip;]","_links":{"self":[{"href":"https:\/\/www.mogewszystko.edu.pl\/gabinet\/wp-json\/wp\/v2\/pages\/439","targetHints":{"allow":["GET"]}}],"collection":[{"href":"https:\/\/www.mogewszystko.edu.pl\/gabinet\/wp-json\/wp\/v2\/pages"}],"about":[{"href":"https:\/\/www.mogewszystko.edu.pl\/gabinet\/wp-json\/wp\/v2\/types\/page"}],"author":[{"embeddable":true,"href":"https:\/\/www.mogewszystko.edu.pl\/gabinet\/wp-json\/wp\/v2\/users\/1"}],"replies":[{"embeddable":true,"href":"https:\/\/www.mogewszystko.edu.pl\/gabinet\/wp-json\/wp\/v2\/comments?post=439"}],"version-history":[{"count":2,"href":"https:\/\/www.mogewszystko.edu.pl\/gabinet\/wp-json\/wp\/v2\/pages\/439\/revisions"}],"predecessor-version":[{"id":441,"href":"https:\/\/www.mogewszystko.edu.pl\/gabinet\/wp-json\/wp\/v2\/pages\/439\/revisions\/441"}],"wp:attachment":[{"href":"https:\/\/www.mogewszystko.edu.pl\/gabinet\/wp-json\/wp\/v2\/media?parent=439"}],"curies":[{"name":"wp","href":"https:\/\/api.w.org\/{rel}","templated":true}]}}