{"id":444,"date":"2025-03-20T12:11:15","date_gmt":"2025-03-20T11:11:15","guid":{"rendered":"http:\/\/bareq88.webd.pl\/mogewszystko\/gabinet\/?page_id=444"},"modified":"2025-03-20T12:11:15","modified_gmt":"2025-03-20T11:11:15","slug":"helena-piotrowska","status":"publish","type":"page","link":"https:\/\/www.mogewszystko.edu.pl\/gabinet\/helena-piotrowska\/","title":{"rendered":"Helena Piotrowska"},"content":{"rendered":"\n<div class=\"wp-block-uagb-container uagb-block-a2fchkf6 alignfull uagb-is-root-container\"><div class=\"uagb-container__shape uagb-container__shape-top\"><svg xmlns=\"https:\/\/www.w3.org\/2000\/svg\" viewBox=\"0 0 1000 100\" preserveAspectRatio=\"none\"><path class=\"uagb-container__shape-fill\" d=\"M0,6V0h1000v100L0,6z\"><\/path><\/svg><\/div><div class=\"uagb-container__shape uagb-container__shape-bottom uagb-container__shape-flip uagb-container__invert\" data-negative=\"false\"><svg xmlns=\"https:\/\/www.w3.org\/2000\/svg\" viewBox=\"0 0 1000 100\" preserveAspectRatio=\"none\"><path class=\"uagb-container__shape-fill\" d=\"M0,6V0h1000v100L0,6z\"><\/path><\/svg><\/div><div class=\"uagb-container-inner-blocks-wrap\">\n<div class=\"wp-block-uagb-container uagb-block-9c0239cc\">\n<div class=\"wp-block-columns is-layout-flex wp-container-core-columns-is-layout-28f84493 wp-block-columns-is-layout-flex\">\n<div class=\"wp-block-column is-layout-flow wp-block-column-is-layout-flow\" style=\"flex-basis:66.66%\">\n<p class=\"has-medium-font-size\"><strong>Helena Piotrowska<\/strong><\/p>\n\n\n\n<p>Jestem magistrem fizjoterapii oraz certyfikowan\u0105 terapeutk\u0105 integracji sensorycznej.<br>Uko\u0144czy\u0142am Akademi\u0119 Medyczn\u0105 w Gda\u0144sku, a swoj\u0105 wiedz\u0119 stale poszerzam poprzez<br>liczne kursy i szkolenia, aby zapewni\u0107 moim pacjentom terapi\u0119 opart\u0105 na najnowszych<br>metodach i badaniach.<br>Moja pasja to praca z dzie\u0107mi \u2013 ka\u017cde z nich jest wyj\u0105tkowe i wymaga indywidualnego<br>podej\u015bcia. Dlatego w swojej praktyce koncentruj\u0119 si\u0119 na holistycznym spojrzeniu na potrzeby<br>ma\u0142ych pacjent\u00f3w, \u0142\u0105cz\u0105c r\u00f3\u017cne metody terapii, by skutecznie wspiera\u0107 ich rozw\u00f3j. Przez lata<br>zdobywa\u0142am do\u015bwiadczenie, pracuj\u0105c zar\u00f3wno z dzie\u0107mi, jak i doros\u0142ymi z r\u00f3\u017cnorodnymi<br>trudno\u015bciami.<br>Podczas terapii k\u0142ad\u0119 ogromny nacisk na budowanie zaufania i pozytywnej relacji, poniewa\u017c<br>wiem, \u017ce poczucie bezpiecze\u0144stwa jest kluczowe w procesie terapeutycznym. Moje<br>podej\u015bcie opiera si\u0119 na empatii, cierpliwo\u015bci i dostosowaniu metod do indywidualnych<br>potrzeb ka\u017cdego pacjenta, tak aby terapia by\u0142a nie tylko skuteczna, ale r\u00f3wnie\u017c przyjemna.<br>Prywatnie pasjonuj\u0119 si\u0119 podr\u00f3\u017cami, g\u00f3rskimi w\u0119dr\u00f3wkami i jazd\u0105 na rowerze. Wierz\u0119, \u017ce<br>kontakt z natur\u0105 i zwierz\u0119tami daje mi energi\u0119 oraz harmoni\u0119, kt\u00f3re przek\u0142adam na swoj\u0105<br>prac\u0119 zawodow\u0105.<\/p>\n\n\n\n<div class=\"wp-block-uagb-buttons uagb-buttons__outer-wrap uagb-btn__default-btn uagb-btn-tablet__default-btn uagb-btn-mobile__default-btn uagb-block-e5e1cbdd\"><div class=\"uagb-buttons__wrap uagb-buttons-layout-wrap \">\n<div class=\"wp-block-uagb-buttons-child uagb-buttons__outer-wrap uagb-block-b5a0c932 wp-block-button\"><div class=\"uagb-button__wrapper\"><a class=\"uagb-buttons-repeater wp-block-button__link\" aria-label=\"\" href=\"http:\/\/www.mogewszystko.edu.pl\/gabinet\/#kadra\" rel=\"follow noopener\" target=\"_self\" role=\"button\"><div class=\"uagb-button__link\">Powr\u00f3t<\/div><\/a><\/div><\/div>\n<\/div><\/div>\n<\/div>\n\n\n\n<div class=\"wp-block-column is-layout-flow wp-block-column-is-layout-flow\" style=\"flex-basis:33.33%\">\n<figure class=\"wp-block-image size-full\"><img loading=\"lazy\" decoding=\"async\" width=\"1068\" height=\"1335\" src=\"http:\/\/bareq88.webd.pl\/mogewszystko\/gabinet\/wp-content\/uploads\/sites\/4\/2025\/03\/Helena-Piotrowska.jpeg\" alt=\"\" class=\"wp-image-391\" srcset=\"https:\/\/www.mogewszystko.edu.pl\/gabinet\/wp-content\/uploads\/sites\/4\/2025\/03\/Helena-Piotrowska.jpeg 1068w, https:\/\/www.mogewszystko.edu.pl\/gabinet\/wp-content\/uploads\/sites\/4\/2025\/03\/Helena-Piotrowska-240x300.jpeg 240w, https:\/\/www.mogewszystko.edu.pl\/gabinet\/wp-content\/uploads\/sites\/4\/2025\/03\/Helena-Piotrowska-819x1024.jpeg 819w, https:\/\/www.mogewszystko.edu.pl\/gabinet\/wp-content\/uploads\/sites\/4\/2025\/03\/Helena-Piotrowska-768x960.jpeg 768w\" sizes=\"auto, (max-width: 1068px) 100vw, 1068px\" \/><\/figure>\n<\/div>\n<\/div>\n<\/div>\n<\/div><\/div>\n\n\n\n<p><\/p>\n\n\n\n<div class=\"wp-block-uagb-container uagb-block-6f82293b alignfull uagb-is-root-container\"><div class=\"uagb-container__shape uagb-container__shape-top uagb-container__shape-flip\"><svg xmlns=\"https:\/\/www.w3.org\/2000\/svg\" viewBox=\"0 0 1000 100\" preserveAspectRatio=\"none\"><path class=\"uagb-container__shape-fill\" d=\"M0,6V0h1000v100L0,6z\"><\/path><\/svg><\/div><div class=\"uagb-container-inner-blocks-wrap\">\n<div class=\"wp-block-uagb-info-box uagb-block-2de13869 uagb-infobox__content-wrap  uagb-infobox-icon-above-title uagb-infobox-image-valign-top wp-block-uagb-info-box--has-margin\"><div class=\"uagb-infobox-margin-wrapper\"><div class=\"uagb-ifb-content\"><div class=\"uagb-ifb-title-wrap\"><span class=\"uagb-ifb-title-prefix\">Skontaktuj si\u0119 z nami<\/span><\/div><p class=\"uagb-ifb-desc\">Zadzwo\u0144 lub napisz, aby um\u00f3wi\u0107 si\u0119 na konsultacj\u0119. Czekamy na Ciebie!<\/p><div class=\"uagb-ifb-button-wrapper wp-block-button\"><a href=\"https:\/\/www.mogewszystko.edu.pl\/gabinet\/kontakt\" class=\"uagb-infobox-cta-link wp-block-button__link\" target=\"_self\" rel=\"noopener noreferrer\" onclick=\"return true;\"><span class=\"uagb-inline-editing\">Skontaktuj si\u0119 z nami<\/span><\/a><\/div><\/div><\/div><\/div>\n<\/div><\/div>\n","protected":false},"excerpt":{"rendered":"<p>Helena Piotrowska Jestem magistrem fizjoterapii oraz certyfikowan\u0105 terapeutk\u0105 integracji sensorycznej.Uko\u0144czy\u0142am Akademi\u0119 Medyczn\u0105 w Gda\u0144sku, a swoj\u0105 wiedz\u0119 stale poszerzam poprzezliczne [&hellip;]<\/p>\n","protected":false},"author":1,"featured_media":0,"parent":0,"menu_order":0,"comment_status":"closed","ping_status":"closed","template":"","meta":{"_uag_custom_page_level_css":"","site-sidebar-layout":"default","site-content-layout":"","ast-site-content-layout":"","site-content-style":"default","site-sidebar-style":"default","ast-global-header-display":"","ast-banner-title-visibility":"","ast-main-header-display":"","ast-hfb-above-header-display":"","ast-hfb-below-header-display":"","ast-hfb-mobile-header-display":"","site-post-title":"disabled","ast-breadcrumbs-content":"","ast-featured-img":"","footer-sml-layout":"","theme-transparent-header-meta":"","adv-header-id-meta":"","stick-header-meta":"","header-above-stick-meta":"","header-main-stick-meta":"","header-below-stick-meta":"","astra-migrate-meta-layouts":"default","ast-page-background-enabled":"default","ast-page-background-meta":{"desktop":{"background-color":"var(--ast-global-color-4)","background-image":"","background-repeat":"repeat","background-position":"center center","background-size":"auto","background-attachment":"scroll","background-type":"","background-media":"","overlay-type":"","overlay-color":"","overlay-opacity":"","overlay-gradient":""},"tablet":{"background-color":"","background-image":"","background-repeat":"repeat","background-position":"center center","background-size":"auto","background-attachment":"scroll","background-type":"","background-media":"","overlay-type":"","overlay-color":"","overlay-opacity":"","overlay-gradient":""},"mobile":{"background-color":"","background-image":"","background-repeat":"repeat","background-position":"center center","background-size":"auto","background-attachment":"scroll","background-type":"","background-media":"","overlay-type":"","overlay-color":"","overlay-opacity":"","overlay-gradient":""}},"ast-content-background-meta":{"desktop":{"background-color":"var(--ast-global-color-5)","background-image":"","background-repeat":"repeat","background-position":"center center","background-size":"auto","background-attachment":"scroll","background-type":"","background-media":"","overlay-type":"","overlay-color":"","overlay-opacity":"","overlay-gradient":""},"tablet":{"background-color":"var(--ast-global-color-5)","background-image":"","background-repeat":"repeat","background-position":"center center","background-size":"auto","background-attachment":"scroll","background-type":"","background-media":"","overlay-type":"","overlay-color":"","overlay-opacity":"","overlay-gradient":""},"mobile":{"background-color":"var(--ast-global-color-5)","background-image":"","background-repeat":"repeat","background-position":"center center","background-size":"auto","background-attachment":"scroll","background-type":"","background-media":"","overlay-type":"","overlay-color":"","overlay-opacity":"","overlay-gradient":""}},"footnotes":""},"class_list":["post-444","page","type-page","status-publish","hentry"],"uagb_featured_image_src":{"full":false,"thumbnail":false,"medium":false,"medium_large":false,"large":false,"1536x1536":false,"2048x2048":false},"uagb_author_info":{"display_name":"admin","author_link":"https:\/\/www.mogewszystko.edu.pl\/gabinet\/author\/admin\/"},"uagb_comment_info":0,"uagb_excerpt":"Helena Piotrowska Jestem magistrem fizjoterapii oraz certyfikowan\u0105 terapeutk\u0105 integracji sensorycznej.Uko\u0144czy\u0142am Akademi\u0119 Medyczn\u0105 w Gda\u0144sku, a swoj\u0105 wiedz\u0119 stale poszerzam poprzezliczne [&hellip;]","_links":{"self":[{"href":"https:\/\/www.mogewszystko.edu.pl\/gabinet\/wp-json\/wp\/v2\/pages\/444","targetHints":{"allow":["GET"]}}],"collection":[{"href":"https:\/\/www.mogewszystko.edu.pl\/gabinet\/wp-json\/wp\/v2\/pages"}],"about":[{"href":"https:\/\/www.mogewszystko.edu.pl\/gabinet\/wp-json\/wp\/v2\/types\/page"}],"author":[{"embeddable":true,"href":"https:\/\/www.mogewszystko.edu.pl\/gabinet\/wp-json\/wp\/v2\/users\/1"}],"replies":[{"embeddable":true,"href":"https:\/\/www.mogewszystko.edu.pl\/gabinet\/wp-json\/wp\/v2\/comments?post=444"}],"version-history":[{"count":1,"href":"https:\/\/www.mogewszystko.edu.pl\/gabinet\/wp-json\/wp\/v2\/pages\/444\/revisions"}],"predecessor-version":[{"id":445,"href":"https:\/\/www.mogewszystko.edu.pl\/gabinet\/wp-json\/wp\/v2\/pages\/444\/revisions\/445"}],"wp:attachment":[{"href":"https:\/\/www.mogewszystko.edu.pl\/gabinet\/wp-json\/wp\/v2\/media?parent=444"}],"curies":[{"name":"wp","href":"https:\/\/api.w.org\/{rel}","templated":true}]}}