{"id":487,"date":"2025-04-14T16:03:10","date_gmt":"2025-04-14T14:03:10","guid":{"rendered":"http:\/\/bareq88.webd.pl\/mogewszystko\/gabinet\/?page_id=487"},"modified":"2025-04-14T16:05:38","modified_gmt":"2025-04-14T14:05:38","slug":"roksana-kaczmarek","status":"publish","type":"page","link":"https:\/\/www.mogewszystko.edu.pl\/gabinet\/roksana-kaczmarek\/","title":{"rendered":"Roksana Kaczmarek"},"content":{"rendered":"\n<div class=\"wp-block-uagb-container uagb-block-a2fchkf6 alignfull uagb-is-root-container\"><div class=\"uagb-container__shape uagb-container__shape-top\"><svg xmlns=\"https:\/\/www.w3.org\/2000\/svg\" viewBox=\"0 0 1000 100\" preserveAspectRatio=\"none\"><path class=\"uagb-container__shape-fill\" d=\"M0,6V0h1000v100L0,6z\"><\/path><\/svg><\/div><div class=\"uagb-container__shape uagb-container__shape-bottom uagb-container__shape-flip uagb-container__invert\" data-negative=\"false\"><svg xmlns=\"https:\/\/www.w3.org\/2000\/svg\" viewBox=\"0 0 1000 100\" preserveAspectRatio=\"none\"><path class=\"uagb-container__shape-fill\" d=\"M0,6V0h1000v100L0,6z\"><\/path><\/svg><\/div><div class=\"uagb-container-inner-blocks-wrap\">\n<div class=\"wp-block-uagb-container uagb-block-9c0239cc\">\n<div class=\"wp-block-columns is-layout-flex wp-container-core-columns-is-layout-28f84493 wp-block-columns-is-layout-flex\">\n<div class=\"wp-block-column is-layout-flow wp-block-column-is-layout-flow\" style=\"flex-basis:66.66%\">\n<p class=\"has-medium-font-size\"><strong>Roksana Kaczmarek<br><\/strong><\/p>\n\n\n\n<p>Poznajmy si\u0119 bli\u017cej &#8211; mam na imi\u0119 Roksana. Uko\u0144czy\u0142am studia wy\u017csze pedagogiczne w Akademii Pomorskiej oraz studia podyplomowe na Uniwersytecie Gda\u0144skim. Dope\u0142nieniem mojej \u015bcie\u017cki edukacyjnej by\u0142 certyfikowany kurs Integracji sensorycznej. Moim mottem codziennym jest \u201a, W ka\u017cdym cz\u0142owieku drzemie olbrzymi potencja\u0142 \u201d. Kocham ludzi i zwierz\u0119ta, uwielbiam podr\u00f3\u017cowa\u0107, uczy\u0107 si\u0119 i czyta\u0107 ksi\u0105\u017cki oraz odkrywa\u0107 tajemnice ludzkiego m\u00f3zgu oraz zachowa\u0144.<br>Wspieranie rozwoju dzieci jest dla mnie niezwykle inspiruj\u0105ce &#8211; jako wsp\u00f3lne odkrywanie z dzie\u0107mi ich mo\u017cliwo\u015bci, pokonywanie barier i trudno\u015bci bazuj\u0105cych na ich zasobach.<br>Prywatnie jestem szcz\u0119\u015bliwa \u017cona i matka dw\u00f3ch cudownych c\u00f3rek.<\/p>\n\n\n\n<p><\/p>\n<\/div>\n\n\n\n<div class=\"wp-block-column is-layout-flow wp-block-column-is-layout-flow\" style=\"flex-basis:33.33%\">\n<figure class=\"wp-block-image size-full\"><img loading=\"lazy\" decoding=\"async\" width=\"460\" height=\"793\" src=\"http:\/\/bareq88.webd.pl\/mogewszystko\/gabinet\/wp-content\/uploads\/sites\/4\/2025\/04\/Roksana-Kaczmarek.jpeg\" alt=\"\" class=\"wp-image-485\" srcset=\"https:\/\/www.mogewszystko.edu.pl\/gabinet\/wp-content\/uploads\/sites\/4\/2025\/04\/Roksana-Kaczmarek.jpeg 460w, https:\/\/www.mogewszystko.edu.pl\/gabinet\/wp-content\/uploads\/sites\/4\/2025\/04\/Roksana-Kaczmarek-174x300.jpeg 174w\" sizes=\"auto, (max-width: 460px) 100vw, 460px\" \/><\/figure>\n<\/div>\n<\/div>\n\n\n\n<div class=\"wp-block-columns is-layout-flex wp-container-core-columns-is-layout-28f84493 wp-block-columns-is-layout-flex\">\n<div class=\"wp-block-column is-layout-flow wp-block-column-is-layout-flow\" style=\"flex-basis:100%\">\n<p><\/p>\n\n\n\n<div class=\"wp-block-uagb-buttons uagb-buttons__outer-wrap uagb-btn__default-btn uagb-btn-tablet__default-btn uagb-btn-mobile__default-btn uagb-block-57e23ca1\"><div class=\"uagb-buttons__wrap uagb-buttons-layout-wrap \">\n<div class=\"wp-block-uagb-buttons-child uagb-buttons__outer-wrap uagb-block-d872cfe5 wp-block-button\"><div class=\"uagb-button__wrapper\"><a class=\"uagb-buttons-repeater wp-block-button__link\" aria-label=\"\" href=\"http:\/\/www.mogewszystko.edu.pl\/gabinet\/#kadra\" rel=\"follow noopener\" target=\"_self\" role=\"button\"><div class=\"uagb-button__link\">Powr\u00f3t<\/div><\/a><\/div><\/div>\n<\/div><\/div>\n<\/div>\n<\/div>\n<\/div>\n<\/div><\/div>\n","protected":false},"excerpt":{"rendered":"<p>Roksana Kaczmarek Poznajmy si\u0119 bli\u017cej &#8211; mam na imi\u0119 Roksana. Uko\u0144czy\u0142am studia wy\u017csze pedagogiczne w Akademii Pomorskiej oraz studia podyplomowe [&hellip;]<\/p>\n","protected":false},"author":1,"featured_media":0,"parent":0,"menu_order":0,"comment_status":"closed","ping_status":"closed","template":"","meta":{"_uag_custom_page_level_css":"","site-sidebar-layout":"default","site-content-layout":"","ast-site-content-layout":"","site-content-style":"default","site-sidebar-style":"default","ast-global-header-display":"","ast-banner-title-visibility":"","ast-main-header-display":"","ast-hfb-above-header-display":"","ast-hfb-below-header-display":"","ast-hfb-mobile-header-display":"","site-post-title":"disabled","ast-breadcrumbs-content":"","ast-featured-img":"","footer-sml-layout":"","theme-transparent-header-meta":"","adv-header-id-meta":"","stick-header-meta":"","header-above-stick-meta":"","header-main-stick-meta":"","header-below-stick-meta":"","astra-migrate-meta-layouts":"default","ast-page-background-enabled":"default","ast-page-background-meta":{"desktop":{"background-color":"var(--ast-global-color-4)","background-image":"","background-repeat":"repeat","background-position":"center center","background-size":"auto","background-attachment":"scroll","background-type":"","background-media":"","overlay-type":"","overlay-color":"","overlay-opacity":"","overlay-gradient":""},"tablet":{"background-color":"","background-image":"","background-repeat":"repeat","background-position":"center center","background-size":"auto","background-attachment":"scroll","background-type":"","background-media":"","overlay-type":"","overlay-color":"","overlay-opacity":"","overlay-gradient":""},"mobile":{"background-color":"","background-image":"","background-repeat":"repeat","background-position":"center center","background-size":"auto","background-attachment":"scroll","background-type":"","background-media":"","overlay-type":"","overlay-color":"","overlay-opacity":"","overlay-gradient":""}},"ast-content-background-meta":{"desktop":{"background-color":"var(--ast-global-color-5)","background-image":"","background-repeat":"repeat","background-position":"center center","background-size":"auto","background-attachment":"scroll","background-type":"","background-media":"","overlay-type":"","overlay-color":"","overlay-opacity":"","overlay-gradient":""},"tablet":{"background-color":"var(--ast-global-color-5)","background-image":"","background-repeat":"repeat","background-position":"center center","background-size":"auto","background-attachment":"scroll","background-type":"","background-media":"","overlay-type":"","overlay-color":"","overlay-opacity":"","overlay-gradient":""},"mobile":{"background-color":"var(--ast-global-color-5)","background-image":"","background-repeat":"repeat","background-position":"center center","background-size":"auto","background-attachment":"scroll","background-type":"","background-media":"","overlay-type":"","overlay-color":"","overlay-opacity":"","overlay-gradient":""}},"footnotes":""},"class_list":["post-487","page","type-page","status-publish","hentry"],"uagb_featured_image_src":{"full":false,"thumbnail":false,"medium":false,"medium_large":false,"large":false,"1536x1536":false,"2048x2048":false},"uagb_author_info":{"display_name":"admin","author_link":"https:\/\/www.mogewszystko.edu.pl\/gabinet\/author\/admin\/"},"uagb_comment_info":0,"uagb_excerpt":"Roksana Kaczmarek Poznajmy si\u0119 bli\u017cej &#8211; mam na imi\u0119 Roksana. Uko\u0144czy\u0142am studia wy\u017csze pedagogiczne w Akademii Pomorskiej oraz studia podyplomowe [&hellip;]","_links":{"self":[{"href":"https:\/\/www.mogewszystko.edu.pl\/gabinet\/wp-json\/wp\/v2\/pages\/487","targetHints":{"allow":["GET"]}}],"collection":[{"href":"https:\/\/www.mogewszystko.edu.pl\/gabinet\/wp-json\/wp\/v2\/pages"}],"about":[{"href":"https:\/\/www.mogewszystko.edu.pl\/gabinet\/wp-json\/wp\/v2\/types\/page"}],"author":[{"embeddable":true,"href":"https:\/\/www.mogewszystko.edu.pl\/gabinet\/wp-json\/wp\/v2\/users\/1"}],"replies":[{"embeddable":true,"href":"https:\/\/www.mogewszystko.edu.pl\/gabinet\/wp-json\/wp\/v2\/comments?post=487"}],"version-history":[{"count":3,"href":"https:\/\/www.mogewszystko.edu.pl\/gabinet\/wp-json\/wp\/v2\/pages\/487\/revisions"}],"predecessor-version":[{"id":490,"href":"https:\/\/www.mogewszystko.edu.pl\/gabinet\/wp-json\/wp\/v2\/pages\/487\/revisions\/490"}],"wp:attachment":[{"href":"https:\/\/www.mogewszystko.edu.pl\/gabinet\/wp-json\/wp\/v2\/media?parent=487"}],"curies":[{"name":"wp","href":"https:\/\/api.w.org\/{rel}","templated":true}]}}