{"id":491,"date":"2025-04-14T16:08:50","date_gmt":"2025-04-14T14:08:50","guid":{"rendered":"http:\/\/bareq88.webd.pl\/mogewszystko\/gabinet\/?page_id=491"},"modified":"2025-04-14T16:15:59","modified_gmt":"2025-04-14T14:15:59","slug":"katarzyna-grochal-antosiak","status":"publish","type":"page","link":"https:\/\/www.mogewszystko.edu.pl\/gabinet\/katarzyna-grochal-antosiak\/","title":{"rendered":"Katarzyna Grochal-Antosiak"},"content":{"rendered":"\n<div class=\"wp-block-uagb-container uagb-block-a2fchkf6 alignfull uagb-is-root-container\"><div class=\"uagb-container__shape uagb-container__shape-top\"><svg xmlns=\"https:\/\/www.w3.org\/2000\/svg\" viewBox=\"0 0 1000 100\" preserveAspectRatio=\"none\"><path class=\"uagb-container__shape-fill\" d=\"M0,6V0h1000v100L0,6z\"><\/path><\/svg><\/div><div class=\"uagb-container__shape uagb-container__shape-bottom uagb-container__shape-flip uagb-container__invert\" data-negative=\"false\"><svg xmlns=\"https:\/\/www.w3.org\/2000\/svg\" viewBox=\"0 0 1000 100\" preserveAspectRatio=\"none\"><path class=\"uagb-container__shape-fill\" d=\"M0,6V0h1000v100L0,6z\"><\/path><\/svg><\/div><div class=\"uagb-container-inner-blocks-wrap\">\n<div class=\"wp-block-uagb-container uagb-block-9c0239cc\">\n<div class=\"wp-block-columns is-layout-flex wp-container-core-columns-is-layout-28f84493 wp-block-columns-is-layout-flex\">\n<div class=\"wp-block-column is-layout-flow wp-block-column-is-layout-flow\" style=\"flex-basis:66.66%\">\n<p class=\"has-medium-font-size\"><strong>Katarzyna Grochal-Antosiak<\/strong><\/p>\n\n\n\n<p>Jestem optometryst\u0105, terapeut\u0105 widzenia oraz terapeut\u0105 integracji sensorycznej.<br>W swojej pracy stawiam przede wszystkim na holistyczne podej\u015bcie do ka\u017cdego Dziecka i Osoby Doros\u0142ej.<br>Bardzo wa\u017cne jest dla mnie to, jakie jest pod\u0142o\u017ce problem\u00f3w czy trudno\u015bci mojego Pacjenta w gabinecie optometrycznym czy Dziecka na zaj\u0119ciach terapeutycznych. Staram si\u0119 \u0142\u0105czy\u0107 wiedz\u0119 i umiej\u0119tno\u015bci z zakresu proces\u00f3w widzenia i integracji sensorycznej.<\/p>\n<\/div>\n\n\n\n<div class=\"wp-block-column is-layout-flow wp-block-column-is-layout-flow\" style=\"flex-basis:33.33%\">\n<figure class=\"wp-block-image size-full\"><img loading=\"lazy\" decoding=\"async\" width=\"2000\" height=\"1331\" src=\"http:\/\/bareq88.webd.pl\/mogewszystko\/gabinet\/wp-content\/uploads\/sites\/4\/2025\/04\/Katarzyna-Grochal-Antosiak.jpg\" alt=\"\" class=\"wp-image-493\" srcset=\"https:\/\/www.mogewszystko.edu.pl\/gabinet\/wp-content\/uploads\/sites\/4\/2025\/04\/Katarzyna-Grochal-Antosiak.jpg 2000w, https:\/\/www.mogewszystko.edu.pl\/gabinet\/wp-content\/uploads\/sites\/4\/2025\/04\/Katarzyna-Grochal-Antosiak-300x200.jpg 300w, https:\/\/www.mogewszystko.edu.pl\/gabinet\/wp-content\/uploads\/sites\/4\/2025\/04\/Katarzyna-Grochal-Antosiak-1024x681.jpg 1024w, https:\/\/www.mogewszystko.edu.pl\/gabinet\/wp-content\/uploads\/sites\/4\/2025\/04\/Katarzyna-Grochal-Antosiak-768x511.jpg 768w, https:\/\/www.mogewszystko.edu.pl\/gabinet\/wp-content\/uploads\/sites\/4\/2025\/04\/Katarzyna-Grochal-Antosiak-1536x1022.jpg 1536w\" sizes=\"auto, (max-width: 2000px) 100vw, 2000px\" \/><\/figure>\n<\/div>\n<\/div>\n\n\n\n<div class=\"wp-block-columns is-layout-flex wp-container-core-columns-is-layout-28f84493 wp-block-columns-is-layout-flex\">\n<div class=\"wp-block-column is-layout-flow wp-block-column-is-layout-flow\" style=\"flex-basis:100%\">\n<p>Wzrok spe\u0142nia jedn\u0105 z najwa\u017cniejszych funkcji w \u017cyciu ma\u0142ego i du\u017cego Cz\u0142owieka. <\/p>\n\n\n\n<p>Je\u015bli uk\u0142ad wzrokowy dzia\u0142a prawid\u0142owo, mo\u017cemy osi\u0105gn\u0105\u0107 efektywne przetwarzanie informacji wzrokowych, poprawi\u0107 zdolno\u015b\u0107 koordynacji wzrokowo-ruchowej, rozwin\u0105\u0107 umiej\u0119tno\u015b\u0107 oceny odleg\u0142o\u015bci i orientacji przestrzennej. Wp\u0142ywa on r\u00f3wnie\u017c na rozw\u00f3j ma\u0142ej motoryki, oraz prawid\u0142owy rozw\u00f3j umiej\u0119tno\u015bci czytania i pisania. Ma to ogromne znaczenie w terapiach integracji sensorycznej, gdzie ka\u017cdy ma\u0142y Cz\u0142owiek pracuje na to, by w harmonijny spos\u00f3b przetwarza\u0107 bod\u017ace sensoryczne z otaczaj\u0105cego go \u015bwiata.<\/p>\n\n\n\n<p>Zawsze staram si\u0119 tworzy\u0107 dostosowane indywidualnie plany terapii, kt\u00f3re pomagaj\u0105 w osi\u0105gni\u0119ciu pe\u0142nej integracji sensorycznej. Tak samo podchodz\u0119 do terapii widzenia, w kt\u00f3rej wspomagam i rozwijam prac\u0119 uk\u0142adu wzrokowego, kiedy wyst\u0119puje zez, niedowidzenie, s\u0142abowidzenie, lub os\u0142abiona akomodacja i konwergencja. Moim celem jest, by po ka\u017cdych zaj\u0119ciach dzieci czu\u0142y, \u017ce wspi\u0119\u0142y si\u0119 na kolejny szczyt swoich umiej\u0119tno\u015bci i czerpa\u0142y z tego wielk\u0105 rado\u015b\u0107:-)<br>Wtedy i ja otrzymuj\u0119 ogromn\u0105 dawk\u0119 satysfakcji oraz motywacji do ci\u0105g\u0142ego rozwijania si\u0119.<\/p>\n\n\n\n<p>W \u017cyciu prywatnym jestem mam\u0105 \u201eszalonej brygady\u201d \u2013 Micha\u0142a, Oliwii i Franka. To dzi\u0119ki nim codziennie stoj\u0105 przede mn\u0105 nowe wyzwania i ka\u017cdy dzie\u0144 wygl\u0105da inaczej \ud83d\ude42 Lubi\u0119 zar\u00f3wno aktywne formy sp\u0119dzania wolnego czasu, z dala od wszechobecnej elektroniki, jak i chwile ciszy, kiedy mog\u0119 po\u015bwi\u0119ci\u0107 si\u0119 mojemu hobby z zakresu handmade;-)<br><\/p>\n\n\n\n<div class=\"wp-block-uagb-buttons uagb-buttons__outer-wrap uagb-btn__default-btn uagb-btn-tablet__default-btn uagb-btn-mobile__default-btn uagb-block-57e23ca1\"><div class=\"uagb-buttons__wrap uagb-buttons-layout-wrap \">\n<div class=\"wp-block-uagb-buttons-child uagb-buttons__outer-wrap uagb-block-d872cfe5 wp-block-button\"><div class=\"uagb-button__wrapper\"><a class=\"uagb-buttons-repeater wp-block-button__link\" aria-label=\"\" href=\"http:\/\/www.mogewszystko.edu.pl\/gabinet\/#kadra\" rel=\"follow noopener\" target=\"_self\" role=\"button\"><div class=\"uagb-button__link\">Powr\u00f3t<\/div><\/a><\/div><\/div>\n<\/div><\/div>\n<\/div>\n<\/div>\n<\/div>\n<\/div><\/div>\n","protected":false},"excerpt":{"rendered":"<p>Katarzyna Grochal-Antosiak Jestem optometryst\u0105, terapeut\u0105 widzenia oraz terapeut\u0105 integracji sensorycznej.W swojej pracy stawiam przede wszystkim na holistyczne podej\u015bcie do ka\u017cdego [&hellip;]<\/p>\n","protected":false},"author":1,"featured_media":0,"parent":0,"menu_order":0,"comment_status":"closed","ping_status":"closed","template":"","meta":{"_uag_custom_page_level_css":"","site-sidebar-layout":"default","site-content-layout":"","ast-site-content-layout":"","site-content-style":"default","site-sidebar-style":"default","ast-global-header-display":"","ast-banner-title-visibility":"","ast-main-header-display":"","ast-hfb-above-header-display":"","ast-hfb-below-header-display":"","ast-hfb-mobile-header-display":"","site-post-title":"disabled","ast-breadcrumbs-content":"","ast-featured-img":"","footer-sml-layout":"","theme-transparent-header-meta":"","adv-header-id-meta":"","stick-header-meta":"","header-above-stick-meta":"","header-main-stick-meta":"","header-below-stick-meta":"","astra-migrate-meta-layouts":"default","ast-page-background-enabled":"default","ast-page-background-meta":{"desktop":{"background-color":"var(--ast-global-color-4)","background-image":"","background-repeat":"repeat","background-position":"center center","background-size":"auto","background-attachment":"scroll","background-type":"","background-media":"","overlay-type":"","overlay-color":"","overlay-opacity":"","overlay-gradient":""},"tablet":{"background-color":"","background-image":"","background-repeat":"repeat","background-position":"center center","background-size":"auto","background-attachment":"scroll","background-type":"","background-media":"","overlay-type":"","overlay-color":"","overlay-opacity":"","overlay-gradient":""},"mobile":{"background-color":"","background-image":"","background-repeat":"repeat","background-position":"center center","background-size":"auto","background-attachment":"scroll","background-type":"","background-media":"","overlay-type":"","overlay-color":"","overlay-opacity":"","overlay-gradient":""}},"ast-content-background-meta":{"desktop":{"background-color":"var(--ast-global-color-5)","background-image":"","background-repeat":"repeat","background-position":"center center","background-size":"auto","background-attachment":"scroll","background-type":"","background-media":"","overlay-type":"","overlay-color":"","overlay-opacity":"","overlay-gradient":""},"tablet":{"background-color":"var(--ast-global-color-5)","background-image":"","background-repeat":"repeat","background-position":"center center","background-size":"auto","background-attachment":"scroll","background-type":"","background-media":"","overlay-type":"","overlay-color":"","overlay-opacity":"","overlay-gradient":""},"mobile":{"background-color":"var(--ast-global-color-5)","background-image":"","background-repeat":"repeat","background-position":"center center","background-size":"auto","background-attachment":"scroll","background-type":"","background-media":"","overlay-type":"","overlay-color":"","overlay-opacity":"","overlay-gradient":""}},"footnotes":""},"class_list":["post-491","page","type-page","status-publish","hentry"],"uagb_featured_image_src":{"full":false,"thumbnail":false,"medium":false,"medium_large":false,"large":false,"1536x1536":false,"2048x2048":false},"uagb_author_info":{"display_name":"admin","author_link":"https:\/\/www.mogewszystko.edu.pl\/gabinet\/author\/admin\/"},"uagb_comment_info":0,"uagb_excerpt":"Katarzyna Grochal-Antosiak Jestem optometryst\u0105, terapeut\u0105 widzenia oraz terapeut\u0105 integracji sensorycznej.W swojej pracy stawiam przede wszystkim na holistyczne podej\u015bcie do ka\u017cdego [&hellip;]","_links":{"self":[{"href":"https:\/\/www.mogewszystko.edu.pl\/gabinet\/wp-json\/wp\/v2\/pages\/491","targetHints":{"allow":["GET"]}}],"collection":[{"href":"https:\/\/www.mogewszystko.edu.pl\/gabinet\/wp-json\/wp\/v2\/pages"}],"about":[{"href":"https:\/\/www.mogewszystko.edu.pl\/gabinet\/wp-json\/wp\/v2\/types\/page"}],"author":[{"embeddable":true,"href":"https:\/\/www.mogewszystko.edu.pl\/gabinet\/wp-json\/wp\/v2\/users\/1"}],"replies":[{"embeddable":true,"href":"https:\/\/www.mogewszystko.edu.pl\/gabinet\/wp-json\/wp\/v2\/comments?post=491"}],"version-history":[{"count":4,"href":"https:\/\/www.mogewszystko.edu.pl\/gabinet\/wp-json\/wp\/v2\/pages\/491\/revisions"}],"predecessor-version":[{"id":497,"href":"https:\/\/www.mogewszystko.edu.pl\/gabinet\/wp-json\/wp\/v2\/pages\/491\/revisions\/497"}],"wp:attachment":[{"href":"https:\/\/www.mogewszystko.edu.pl\/gabinet\/wp-json\/wp\/v2\/media?parent=491"}],"curies":[{"name":"wp","href":"https:\/\/api.w.org\/{rel}","templated":true}]}}