{"id":545,"date":"2025-04-27T22:57:14","date_gmt":"2025-04-27T20:57:14","guid":{"rendered":"https:\/\/www.mogewszystko.edu.pl\/gabinet\/?page_id=545"},"modified":"2025-09-12T19:47:26","modified_gmt":"2025-09-12T17:47:26","slug":"agnieszka-rokosz","status":"publish","type":"page","link":"https:\/\/www.mogewszystko.edu.pl\/gabinet\/agnieszka-rokosz\/","title":{"rendered":"Agnieszka Rokosz"},"content":{"rendered":"\n<div class=\"wp-block-uagb-container uagb-block-bmkvi4mj alignfull uagb-is-root-container\"><div class=\"uagb-container-inner-blocks-wrap\">\n<div class=\"wp-block-columns is-layout-flex wp-container-core-columns-is-layout-28f84493 wp-block-columns-is-layout-flex\">\n<div class=\"wp-block-column is-layout-flow wp-block-column-is-layout-flow\" style=\"flex-basis:100%\">\n<div class=\"wp-block-columns is-layout-flex wp-container-core-columns-is-layout-28f84493 wp-block-columns-is-layout-flex\">\n<div class=\"wp-block-column is-layout-flow wp-block-column-is-layout-flow\" style=\"flex-basis:50%\">\n<p class=\"has-text-align-left\"><strong>Agnieszka Rokosz<br><\/strong><\/p>\n\n\n\n<p class=\"has-text-align-left\">Jestem neurologoped\u0105, uko\u0144czy\u0142am studia logopedyczne i neurologopedyczne na Uniwersytecie Gda\u0144skim, ca\u0142y czas si\u0119 szkol\u0119 podnosz\u0105c swoje kwalifikacje.<\/p>\n\n\n\n<p>Od ponad 10 lat wspieram dzieci w rozwoju komunikacji i pokonywaniu trudno\u015bci j\u0119zykowych. Specjalizuj\u0119 si\u0119 w terapii op\u00f3\u017anionego rozwoju mowy. W swojej pracy dbam o to, aby ka\u017cde spotkanie przebiega\u0142o w atmosferze bezpiecze\u0144stwa, akceptacji i wzajemnego zaufania.<\/p>\n\n\n\n<p>Wierz\u0119, \u017ce skuteczna terapia to taka, w kt\u00f3rej dziecko czuje si\u0119 swobodnie i ma rado\u015b\u0107 z dzia\u0142ania. Dlatego wplatam w zaj\u0119cia elementy zabawy \u2013 to w\u0142a\u015bnie ona otwiera drog\u0119 do najlepszych efekt\u00f3w. Ka\u017cdy ma\u0142y pacjent jest dla mnie wyj\u0105tkowy, a wsp\u00f3lnie prze\u017cyta droga rozwojowa to \u017ar\u00f3d\u0142o wielu satysfakcji i sukces\u00f3w.&nbsp;<\/p>\n\n\n\n<p class=\"has-text-align-left\">Prywatnie jestem mam\u0105 tr\u00f3jki dzieci. Wolny czas sp\u0119dzam je\u017cd\u017c\u0105c konno, podr\u00f3\u017cuj\u0105c, czytaj\u0105c- to daje mi wytchnie i energi\u0119 do dzia\u0142ania.<\/p>\n\n\n\n<p><\/p>\n<\/div>\n\n\n\n<div class=\"wp-block-column is-layout-flow wp-block-column-is-layout-flow\" style=\"flex-basis:50%\">\n<figure class=\"wp-block-image size-full is-resized\"><img loading=\"lazy\" decoding=\"async\" width=\"1024\" height=\"1024\" src=\"https:\/\/www.mogewszystko.edu.pl\/gabinet\/wp-content\/uploads\/sites\/4\/2025\/09\/tlo_kadra.jpeg\" alt=\"\" class=\"wp-image-576\" style=\"width:400px\" srcset=\"https:\/\/www.mogewszystko.edu.pl\/gabinet\/wp-content\/uploads\/sites\/4\/2025\/09\/tlo_kadra.jpeg 1024w, https:\/\/www.mogewszystko.edu.pl\/gabinet\/wp-content\/uploads\/sites\/4\/2025\/09\/tlo_kadra-300x300.jpeg 300w, https:\/\/www.mogewszystko.edu.pl\/gabinet\/wp-content\/uploads\/sites\/4\/2025\/09\/tlo_kadra-150x150.jpeg 150w, https:\/\/www.mogewszystko.edu.pl\/gabinet\/wp-content\/uploads\/sites\/4\/2025\/09\/tlo_kadra-768x768.jpeg 768w\" sizes=\"auto, (max-width: 1024px) 100vw, 1024px\" \/><\/figure>\n<\/div>\n<\/div>\n<\/div>\n<\/div>\n\n\n\n<div class=\"wp-block-uagb-container uagb-block-gw4ooggb alignfull uagb-is-root-container\"><div class=\"uagb-container-inner-blocks-wrap\">\n<div class=\"wp-block-uagb-buttons uagb-buttons__outer-wrap uagb-btn__default-btn uagb-btn-tablet__default-btn uagb-btn-mobile__default-btn uagb-block-ieuy6vdq\"><div class=\"uagb-buttons__wrap uagb-buttons-layout-wrap \">\n<div class=\"wp-block-uagb-buttons-child uagb-buttons__outer-wrap uagb-block-q1hrgew6 wp-block-button\"><div class=\"uagb-button__wrapper\"><a class=\"uagb-buttons-repeater wp-block-button__link\" aria-label=\"\" href=\"https:\/\/www.mogewszystko.edu.pl\/gabinet\/#kadra\" rel=\"follow noopener\" target=\"_self\" role=\"button\"><div class=\"uagb-button__link\">Powr\u00f3t<\/div><\/a><\/div><\/div>\n<\/div><\/div>\n<\/div><\/div>\n<\/div><\/div>\n","protected":false},"excerpt":{"rendered":"<p>Agnieszka Rokosz Jestem neurologoped\u0105, uko\u0144czy\u0142am studia logopedyczne i neurologopedyczne na Uniwersytecie Gda\u0144skim, ca\u0142y czas si\u0119 szkol\u0119 podnosz\u0105c swoje kwalifikacje. Od [&hellip;]<\/p>\n","protected":false},"author":1,"featured_media":0,"parent":0,"menu_order":0,"comment_status":"closed","ping_status":"closed","template":"","meta":{"_uag_custom_page_level_css":"","site-sidebar-layout":"default","site-content-layout":"","ast-site-content-layout":"","site-content-style":"default","site-sidebar-style":"default","ast-global-header-display":"","ast-banner-title-visibility":"","ast-main-header-display":"","ast-hfb-above-header-display":"","ast-hfb-below-header-display":"","ast-hfb-mobile-header-display":"","site-post-title":"disabled","ast-breadcrumbs-content":"","ast-featured-img":"","footer-sml-layout":"","theme-transparent-header-meta":"","adv-header-id-meta":"","stick-header-meta":"","header-above-stick-meta":"","header-main-stick-meta":"","header-below-stick-meta":"","astra-migrate-meta-layouts":"default","ast-page-background-enabled":"default","ast-page-background-meta":{"desktop":{"background-color":"var(--ast-global-color-4)","background-image":"","background-repeat":"repeat","background-position":"center center","background-size":"auto","background-attachment":"scroll","background-type":"","background-media":"","overlay-type":"","overlay-color":"","overlay-opacity":"","overlay-gradient":""},"tablet":{"background-color":"","background-image":"","background-repeat":"repeat","background-position":"center center","background-size":"auto","background-attachment":"scroll","background-type":"","background-media":"","overlay-type":"","overlay-color":"","overlay-opacity":"","overlay-gradient":""},"mobile":{"background-color":"","background-image":"","background-repeat":"repeat","background-position":"center center","background-size":"auto","background-attachment":"scroll","background-type":"","background-media":"","overlay-type":"","overlay-color":"","overlay-opacity":"","overlay-gradient":""}},"ast-content-background-meta":{"desktop":{"background-color":"var(--ast-global-color-5)","background-image":"","background-repeat":"repeat","background-position":"center center","background-size":"auto","background-attachment":"scroll","background-type":"","background-media":"","overlay-type":"","overlay-color":"","overlay-opacity":"","overlay-gradient":""},"tablet":{"background-color":"var(--ast-global-color-5)","background-image":"","background-repeat":"repeat","background-position":"center center","background-size":"auto","background-attachment":"scroll","background-type":"","background-media":"","overlay-type":"","overlay-color":"","overlay-opacity":"","overlay-gradient":""},"mobile":{"background-color":"var(--ast-global-color-5)","background-image":"","background-repeat":"repeat","background-position":"center center","background-size":"auto","background-attachment":"scroll","background-type":"","background-media":"","overlay-type":"","overlay-color":"","overlay-opacity":"","overlay-gradient":""}},"footnotes":""},"class_list":["post-545","page","type-page","status-publish","hentry"],"uagb_featured_image_src":{"full":false,"thumbnail":false,"medium":false,"medium_large":false,"large":false,"1536x1536":false,"2048x2048":false},"uagb_author_info":{"display_name":"admin","author_link":"https:\/\/www.mogewszystko.edu.pl\/gabinet\/author\/admin\/"},"uagb_comment_info":0,"uagb_excerpt":"Agnieszka Rokosz Jestem neurologoped\u0105, uko\u0144czy\u0142am studia logopedyczne i neurologopedyczne na Uniwersytecie Gda\u0144skim, ca\u0142y czas si\u0119 szkol\u0119 podnosz\u0105c swoje kwalifikacje. Od [&hellip;]","_links":{"self":[{"href":"https:\/\/www.mogewszystko.edu.pl\/gabinet\/wp-json\/wp\/v2\/pages\/545","targetHints":{"allow":["GET"]}}],"collection":[{"href":"https:\/\/www.mogewszystko.edu.pl\/gabinet\/wp-json\/wp\/v2\/pages"}],"about":[{"href":"https:\/\/www.mogewszystko.edu.pl\/gabinet\/wp-json\/wp\/v2\/types\/page"}],"author":[{"embeddable":true,"href":"https:\/\/www.mogewszystko.edu.pl\/gabinet\/wp-json\/wp\/v2\/users\/1"}],"replies":[{"embeddable":true,"href":"https:\/\/www.mogewszystko.edu.pl\/gabinet\/wp-json\/wp\/v2\/comments?post=545"}],"version-history":[{"count":3,"href":"https:\/\/www.mogewszystko.edu.pl\/gabinet\/wp-json\/wp\/v2\/pages\/545\/revisions"}],"predecessor-version":[{"id":583,"href":"https:\/\/www.mogewszystko.edu.pl\/gabinet\/wp-json\/wp\/v2\/pages\/545\/revisions\/583"}],"wp:attachment":[{"href":"https:\/\/www.mogewszystko.edu.pl\/gabinet\/wp-json\/wp\/v2\/media?parent=545"}],"curies":[{"name":"wp","href":"https:\/\/api.w.org\/{rel}","templated":true}]}}