{"id":582,"date":"2025-09-12T19:49:38","date_gmt":"2025-09-12T17:49:38","guid":{"rendered":"https:\/\/www.mogewszystko.edu.pl\/gabinet\/?page_id=582"},"modified":"2025-09-12T19:49:38","modified_gmt":"2025-09-12T17:49:38","slug":"magda-jarzabek-barzowska","status":"publish","type":"page","link":"https:\/\/www.mogewszystko.edu.pl\/gabinet\/magda-jarzabek-barzowska\/","title":{"rendered":"Magda Jarz\u0105bek \u2013 Barzowska"},"content":{"rendered":"\n<div class=\"wp-block-uagb-container uagb-block-bmkvi4mj alignfull uagb-is-root-container\"><div class=\"uagb-container-inner-blocks-wrap\">\n<div class=\"wp-block-columns is-layout-flex wp-container-core-columns-is-layout-28f84493 wp-block-columns-is-layout-flex\">\n<div class=\"wp-block-column is-layout-flow wp-block-column-is-layout-flow\" style=\"flex-basis:100%\">\n<div class=\"wp-block-columns is-layout-flex wp-container-core-columns-is-layout-28f84493 wp-block-columns-is-layout-flex\">\n<div class=\"wp-block-column is-layout-flow wp-block-column-is-layout-flow\" style=\"flex-basis:50%\">\n<p class=\"has-text-align-left\"><strong>Magda Jarz\u0105bek \u2013 Barzowska<br><\/strong><\/p>\n\n\n\n<p class=\"has-text-align-left\">Zawodowo zajmuj\u0119 si\u0119 prowadzeniem terapii logopedycznej i terapii integracji sensorycznej. W swojej pracy staram si\u0119 \u0142\u0105czy\u0107 obie specjalizacje i holistycznie podchodzi\u0107 do rozwoju dziecka i wyzwa\u0144 z jakimi si\u0119 spotykam. Logopedycznie pracuje g\u0142\u00f3wnie z ma\u0142ymi dzie\u0107mi z op\u00f3\u017anionym rozwojem mowy, dyslali\u0105, ca\u0142o\u015bciowymi wyzwaniami rozwojowymi, zaburzeniami miofunkcji. Do\u015bwiadczenie zdobywa\u0142am w prywatnych gabinetach, prywatnych plac\u00f3wkach szkolnych i przedszkolnych, jak r\u00f3wnie\u017c w poradni psychologiczno &#8211; pedagogicznej.<\/p>\n\n\n\n<p class=\"has-text-align-left\">Prywatnie jestem \u017con\u0105 i mam\u0105 dw\u00f3ch ch\u0142opc\u00f3w. W wolnym czasie lubi\u0119 podr\u00f3\u017cowa\u0107, gotowa\u0107, czyta\u0107 krymina\u0142y i biografie. Now\u0105 pasj\u0105, kt\u00f3ra mnie ostatnio poch\u0142ania jest projektowanie wn\u0119trz.<\/p>\n\n\n\n<p><\/p>\n<\/div>\n\n\n\n<div class=\"wp-block-column is-layout-flow wp-block-column-is-layout-flow\" style=\"flex-basis:50%\">\n<figure class=\"wp-block-image size-full is-resized\"><img loading=\"lazy\" decoding=\"async\" width=\"1024\" height=\"1024\" src=\"https:\/\/www.mogewszystko.edu.pl\/gabinet\/wp-content\/uploads\/sites\/4\/2025\/09\/tlo_kadra.jpeg\" alt=\"\" class=\"wp-image-576\" style=\"width:400px\" srcset=\"https:\/\/www.mogewszystko.edu.pl\/gabinet\/wp-content\/uploads\/sites\/4\/2025\/09\/tlo_kadra.jpeg 1024w, https:\/\/www.mogewszystko.edu.pl\/gabinet\/wp-content\/uploads\/sites\/4\/2025\/09\/tlo_kadra-300x300.jpeg 300w, https:\/\/www.mogewszystko.edu.pl\/gabinet\/wp-content\/uploads\/sites\/4\/2025\/09\/tlo_kadra-150x150.jpeg 150w, https:\/\/www.mogewszystko.edu.pl\/gabinet\/wp-content\/uploads\/sites\/4\/2025\/09\/tlo_kadra-768x768.jpeg 768w\" sizes=\"auto, (max-width: 1024px) 100vw, 1024px\" \/><\/figure>\n<\/div>\n<\/div>\n<\/div>\n<\/div>\n\n\n\n<div class=\"wp-block-uagb-container uagb-block-gw4ooggb alignfull uagb-is-root-container\"><div class=\"uagb-container-inner-blocks-wrap\">\n<div class=\"wp-block-uagb-buttons uagb-buttons__outer-wrap uagb-btn__default-btn uagb-btn-tablet__default-btn uagb-btn-mobile__default-btn uagb-block-ieuy6vdq\"><div class=\"uagb-buttons__wrap uagb-buttons-layout-wrap \">\n<div class=\"wp-block-uagb-buttons-child uagb-buttons__outer-wrap uagb-block-q1hrgew6 wp-block-button\"><div class=\"uagb-button__wrapper\"><a class=\"uagb-buttons-repeater wp-block-button__link\" aria-label=\"\" href=\"https:\/\/www.mogewszystko.edu.pl\/gabinet\/#kadra\" rel=\"follow noopener\" target=\"_self\" role=\"button\"><div class=\"uagb-button__link\">Powr\u00f3t<\/div><\/a><\/div><\/div>\n<\/div><\/div>\n<\/div><\/div>\n<\/div><\/div>\n","protected":false},"excerpt":{"rendered":"<p>Magda Jarz\u0105bek \u2013 Barzowska Zawodowo zajmuj\u0119 si\u0119 prowadzeniem terapii logopedycznej i terapii integracji sensorycznej. W swojej pracy staram si\u0119 \u0142\u0105czy\u0107 [&hellip;]<\/p>\n","protected":false},"author":1,"featured_media":0,"parent":0,"menu_order":0,"comment_status":"closed","ping_status":"closed","template":"","meta":{"_uag_custom_page_level_css":"","site-sidebar-layout":"default","site-content-layout":"","ast-site-content-layout":"","site-content-style":"default","site-sidebar-style":"default","ast-global-header-display":"","ast-banner-title-visibility":"","ast-main-header-display":"","ast-hfb-above-header-display":"","ast-hfb-below-header-display":"","ast-hfb-mobile-header-display":"","site-post-title":"disabled","ast-breadcrumbs-content":"","ast-featured-img":"","footer-sml-layout":"","theme-transparent-header-meta":"","adv-header-id-meta":"","stick-header-meta":"","header-above-stick-meta":"","header-main-stick-meta":"","header-below-stick-meta":"","astra-migrate-meta-layouts":"default","ast-page-background-enabled":"default","ast-page-background-meta":{"desktop":{"background-color":"var(--ast-global-color-4)","background-image":"","background-repeat":"repeat","background-position":"center center","background-size":"auto","background-attachment":"scroll","background-type":"","background-media":"","overlay-type":"","overlay-color":"","overlay-opacity":"","overlay-gradient":""},"tablet":{"background-color":"","background-image":"","background-repeat":"repeat","background-position":"center center","background-size":"auto","background-attachment":"scroll","background-type":"","background-media":"","overlay-type":"","overlay-color":"","overlay-opacity":"","overlay-gradient":""},"mobile":{"background-color":"","background-image":"","background-repeat":"repeat","background-position":"center center","background-size":"auto","background-attachment":"scroll","background-type":"","background-media":"","overlay-type":"","overlay-color":"","overlay-opacity":"","overlay-gradient":""}},"ast-content-background-meta":{"desktop":{"background-color":"var(--ast-global-color-5)","background-image":"","background-repeat":"repeat","background-position":"center center","background-size":"auto","background-attachment":"scroll","background-type":"","background-media":"","overlay-type":"","overlay-color":"","overlay-opacity":"","overlay-gradient":""},"tablet":{"background-color":"var(--ast-global-color-5)","background-image":"","background-repeat":"repeat","background-position":"center center","background-size":"auto","background-attachment":"scroll","background-type":"","background-media":"","overlay-type":"","overlay-color":"","overlay-opacity":"","overlay-gradient":""},"mobile":{"background-color":"var(--ast-global-color-5)","background-image":"","background-repeat":"repeat","background-position":"center center","background-size":"auto","background-attachment":"scroll","background-type":"","background-media":"","overlay-type":"","overlay-color":"","overlay-opacity":"","overlay-gradient":""}},"footnotes":""},"class_list":["post-582","page","type-page","status-publish","hentry"],"uagb_featured_image_src":{"full":false,"thumbnail":false,"medium":false,"medium_large":false,"large":false,"1536x1536":false,"2048x2048":false},"uagb_author_info":{"display_name":"admin","author_link":"https:\/\/www.mogewszystko.edu.pl\/gabinet\/author\/admin\/"},"uagb_comment_info":0,"uagb_excerpt":"Magda Jarz\u0105bek \u2013 Barzowska Zawodowo zajmuj\u0119 si\u0119 prowadzeniem terapii logopedycznej i terapii integracji sensorycznej. W swojej pracy staram si\u0119 \u0142\u0105czy\u0107 [&hellip;]","_links":{"self":[{"href":"https:\/\/www.mogewszystko.edu.pl\/gabinet\/wp-json\/wp\/v2\/pages\/582","targetHints":{"allow":["GET"]}}],"collection":[{"href":"https:\/\/www.mogewszystko.edu.pl\/gabinet\/wp-json\/wp\/v2\/pages"}],"about":[{"href":"https:\/\/www.mogewszystko.edu.pl\/gabinet\/wp-json\/wp\/v2\/types\/page"}],"author":[{"embeddable":true,"href":"https:\/\/www.mogewszystko.edu.pl\/gabinet\/wp-json\/wp\/v2\/users\/1"}],"replies":[{"embeddable":true,"href":"https:\/\/www.mogewszystko.edu.pl\/gabinet\/wp-json\/wp\/v2\/comments?post=582"}],"version-history":[{"count":1,"href":"https:\/\/www.mogewszystko.edu.pl\/gabinet\/wp-json\/wp\/v2\/pages\/582\/revisions"}],"predecessor-version":[{"id":584,"href":"https:\/\/www.mogewszystko.edu.pl\/gabinet\/wp-json\/wp\/v2\/pages\/582\/revisions\/584"}],"wp:attachment":[{"href":"https:\/\/www.mogewszystko.edu.pl\/gabinet\/wp-json\/wp\/v2\/media?parent=582"}],"curies":[{"name":"wp","href":"https:\/\/api.w.org\/{rel}","templated":true}]}}