{"id":553,"date":"2025-04-26T11:24:32","date_gmt":"2025-04-26T09:24:32","guid":{"rendered":"https:\/\/www.mogewszystko.edu.pl\/przedszkole\/?page_id=553"},"modified":"2025-04-26T11:50:29","modified_gmt":"2025-04-26T09:50:29","slug":"iwona-lisius","status":"publish","type":"page","link":"https:\/\/www.mogewszystko.edu.pl\/przedszkole\/iwona-lisius\/","title":{"rendered":"Iwona Lisius"},"content":{"rendered":"\n<div class=\"wp-block-uagb-container uagb-block-bmkvi4mj alignfull uagb-is-root-container\"><div class=\"uagb-container-inner-blocks-wrap\">\n<div class=\"wp-block-columns is-layout-flex wp-container-core-columns-is-layout-28f84493 wp-block-columns-is-layout-flex\">\n<div class=\"wp-block-column is-layout-flow wp-block-column-is-layout-flow\" style=\"flex-basis:100%\">\n<div class=\"wp-block-columns is-layout-flex wp-container-core-columns-is-layout-28f84493 wp-block-columns-is-layout-flex\">\n<div class=\"wp-block-column is-layout-flow wp-block-column-is-layout-flow\" style=\"flex-basis:50%\">\n<p class=\"has-text-align-left\"><strong>Iwona Lisius <\/strong>&#8211; <strong>Dyrektor O\u015bwiatowy, Nauczyciel<\/strong><\/p>\n\n\n\n<p class=\"has-text-align-left\">\ud83d\udc69\u200d\ud83c\udfeb <strong>Prawie 40 lat pracy z dzie\u0107mi \u2013 pasja, zaanga\u017cowanie, do\u015bwiadczenie<\/strong><\/p>\n\n\n\n<p class=\"has-text-align-left\">Od niemal czterech dekad z rado\u015bci\u0105 i oddaniem towarzysz\u0119 dzieciom w ich edukacyjnej podr\u00f3\u017cy. Jako nauczyciel-wychowawca w edukacji wczesnoszkolnej i przedszkolnej oraz wychowawca w \u015bwietlicy terapeutycznej, mia\u0142am przywilej wspiera\u0107 rozw\u00f3j wielu pokole\u0144 uczni\u00f3w. Ponad 20 lat temu, jako prekursorka, wsp\u00f3\u0142tworzy\u0142am pierwsz\u0105 klas\u0119 integracyjn\u0105 w Szkole Podstawowej nr 29.<\/p>\n\n\n\n<p>\ud83d\udca1 <strong>Edukacja to dla mnie przestrze\u0144 do odkrywania potencja\u0142u ka\u017cdego dziecka.<\/strong> Prowadz\u0119 zaj\u0119cia wyr\u00f3wnawcze i rozwijaj\u0105ce zainteresowania uczni\u00f3w, m.in. <strong>matematyk\u0119 z klockami LEGO, robotyk\u0119 oraz j\u0119zyk polski dla obcokrajowc\u00f3w<\/strong>.<\/p>\n<\/div>\n\n\n\n<div class=\"wp-block-column is-layout-flow wp-block-column-is-layout-flow\" style=\"flex-basis:50%\">\n<figure class=\"wp-block-image size-large\"><img loading=\"lazy\" decoding=\"async\" width=\"1024\" height=\"1024\" src=\"https:\/\/www.mogewszystko.edu.pl\/przedszkole\/wp-content\/uploads\/sites\/3\/2025\/03\/1000014208-1024x1024.jpeg\" alt=\"\" class=\"wp-image-426\" srcset=\"https:\/\/www.mogewszystko.edu.pl\/przedszkole\/wp-content\/uploads\/sites\/3\/2025\/03\/1000014208-1024x1024.jpeg 1024w, https:\/\/www.mogewszystko.edu.pl\/przedszkole\/wp-content\/uploads\/sites\/3\/2025\/03\/1000014208-300x300.jpeg 300w, https:\/\/www.mogewszystko.edu.pl\/przedszkole\/wp-content\/uploads\/sites\/3\/2025\/03\/1000014208-150x150.jpeg 150w, https:\/\/www.mogewszystko.edu.pl\/przedszkole\/wp-content\/uploads\/sites\/3\/2025\/03\/1000014208-768x767.jpeg 768w, https:\/\/www.mogewszystko.edu.pl\/przedszkole\/wp-content\/uploads\/sites\/3\/2025\/03\/1000014208.jpeg 1080w\" sizes=\"auto, (max-width: 1024px) 100vw, 1024px\" \/><\/figure>\n<\/div>\n<\/div>\n<\/div>\n<\/div>\n\n\n\n<p><\/p>\n\n\n\n<p>\ud83d\udcda <strong>Nieustannie si\u0119 rozwijam<\/strong>, bior\u0105c udzia\u0142 w licznych szkoleniach, m.in. w zakresie pracy z uczniem z do\u015bwiadczeniem migracyjnym, reagowania na trudne zachowania, systemu pomocy psychologiczno-pedagogicznej oraz kreatywnej edukacji. Uczestniczy\u0142am r\u00f3wnie\u017c w projekcie <strong>&#8222;Rozwijamy kompetencje i programujemy przysz\u0142o\u015b\u0107&#8221;<\/strong> oraz III stopniu szkolenia z terapii behawioralnej.<\/p>\n\n\n\n<p>\ud83c\udf93 Uko\u0144czy\u0142am studia na Uniwersytecie Gda\u0144skim &#8211; Pedagogika wczesnej edukacji, Elbl\u0105skiej Uczelni Humanistyczno-Ekonomicznej na wydziale Pedagogiki \u2013 Matematyka oraz Zarz\u0105dzanie O\u015bwiat\u0105 na Akademii WSB.<\/p>\n\n\n\n<p>Ka\u017cdego dnia staram si\u0119 inspirowa\u0107 dzieci do odkrywania \u015bwiata, rozwijania kreatywno\u015bci i wiary w siebie. Bo edukacja to nie tylko nauka \u2013 to podr\u00f3\u017c pe\u0142na pasji i mo\u017cliwo\u015bci! \ud83d\ude0a<\/p>\n\n\n\n<div class=\"wp-block-uagb-container uagb-block-gw4ooggb alignfull uagb-is-root-container\"><div class=\"uagb-container-inner-blocks-wrap\">\n<div class=\"wp-block-uagb-buttons uagb-buttons__outer-wrap uagb-btn__default-btn uagb-btn-tablet__default-btn uagb-btn-mobile__default-btn uagb-block-ieuy6vdq\"><div class=\"uagb-buttons__wrap uagb-buttons-layout-wrap \">\n<div class=\"wp-block-uagb-buttons-child uagb-buttons__outer-wrap uagb-block-q1hrgew6 wp-block-button\"><div class=\"uagb-button__wrapper\"><a class=\"uagb-buttons-repeater wp-block-button__link\" aria-label=\"\" href=\"https:\/\/www.mogewszystko.edu.pl\/przedszkole\/#kadra\" rel=\"follow noopener\" target=\"_self\" role=\"button\"><div class=\"uagb-button__link\">Powr\u00f3t<\/div><\/a><\/div><\/div>\n<\/div><\/div>\n<\/div><\/div>\n<\/div><\/div>\n","protected":false},"excerpt":{"rendered":"<p>Iwona Lisius &#8211; Dyrektor O\u015bwiatowy, Nauczyciel \ud83d\udc69\u200d\ud83c\udfeb Prawie 40 lat pracy z dzie\u0107mi \u2013 pasja, zaanga\u017cowanie, do\u015bwiadczenie Od niemal czterech [&hellip;]<\/p>\n","protected":false},"author":1,"featured_media":0,"parent":0,"menu_order":0,"comment_status":"closed","ping_status":"closed","template":"","meta":{"_uag_custom_page_level_css":"","site-sidebar-layout":"default","site-content-layout":"","ast-site-content-layout":"","site-content-style":"default","site-sidebar-style":"default","ast-global-header-display":"","ast-banner-title-visibility":"","ast-main-header-display":"","ast-hfb-above-header-display":"","ast-hfb-below-header-display":"","ast-hfb-mobile-header-display":"","site-post-title":"disabled","ast-breadcrumbs-content":"","ast-featured-img":"","footer-sml-layout":"","theme-transparent-header-meta":"","adv-header-id-meta":"","stick-header-meta":"","header-above-stick-meta":"","header-main-stick-meta":"","header-below-stick-meta":"","astra-migrate-meta-layouts":"default","ast-page-background-enabled":"default","ast-page-background-meta":{"desktop":{"background-color":"var(--ast-global-color-4)","background-image":"","background-repeat":"repeat","background-position":"center center","background-size":"auto","background-attachment":"scroll","background-type":"","background-media":"","overlay-type":"","overlay-color":"","overlay-opacity":"","overlay-gradient":""},"tablet":{"background-color":"","background-image":"","background-repeat":"repeat","background-position":"center center","background-size":"auto","background-attachment":"scroll","background-type":"","background-media":"","overlay-type":"","overlay-color":"","overlay-opacity":"","overlay-gradient":""},"mobile":{"background-color":"","background-image":"","background-repeat":"repeat","background-position":"center center","background-size":"auto","background-attachment":"scroll","background-type":"","background-media":"","overlay-type":"","overlay-color":"","overlay-opacity":"","overlay-gradient":""}},"ast-content-background-meta":{"desktop":{"background-color":"var(--ast-global-color-5)","background-image":"","background-repeat":"repeat","background-position":"center center","background-size":"auto","background-attachment":"scroll","background-type":"","background-media":"","overlay-type":"","overlay-color":"","overlay-opacity":"","overlay-gradient":""},"tablet":{"background-color":"var(--ast-global-color-5)","background-image":"","background-repeat":"repeat","background-position":"center center","background-size":"auto","background-attachment":"scroll","background-type":"","background-media":"","overlay-type":"","overlay-color":"","overlay-opacity":"","overlay-gradient":""},"mobile":{"background-color":"var(--ast-global-color-5)","background-image":"","background-repeat":"repeat","background-position":"center center","background-size":"auto","background-attachment":"scroll","background-type":"","background-media":"","overlay-type":"","overlay-color":"","overlay-opacity":"","overlay-gradient":""}},"footnotes":""},"class_list":["post-553","page","type-page","status-publish","hentry"],"uagb_featured_image_src":{"full":false,"thumbnail":false,"medium":false,"medium_large":false,"large":false,"1536x1536":false,"2048x2048":false},"uagb_author_info":{"display_name":"admin","author_link":"https:\/\/www.mogewszystko.edu.pl\/przedszkole\/author\/admin\/"},"uagb_comment_info":0,"uagb_excerpt":"Iwona Lisius &#8211; Dyrektor O\u015bwiatowy, Nauczyciel \ud83d\udc69\u200d\ud83c\udfeb Prawie 40 lat pracy z dzie\u0107mi \u2013 pasja, zaanga\u017cowanie, do\u015bwiadczenie Od niemal czterech [&hellip;]","_links":{"self":[{"href":"https:\/\/www.mogewszystko.edu.pl\/przedszkole\/wp-json\/wp\/v2\/pages\/553","targetHints":{"allow":["GET"]}}],"collection":[{"href":"https:\/\/www.mogewszystko.edu.pl\/przedszkole\/wp-json\/wp\/v2\/pages"}],"about":[{"href":"https:\/\/www.mogewszystko.edu.pl\/przedszkole\/wp-json\/wp\/v2\/types\/page"}],"author":[{"embeddable":true,"href":"https:\/\/www.mogewszystko.edu.pl\/przedszkole\/wp-json\/wp\/v2\/users\/1"}],"replies":[{"embeddable":true,"href":"https:\/\/www.mogewszystko.edu.pl\/przedszkole\/wp-json\/wp\/v2\/comments?post=553"}],"version-history":[{"count":6,"href":"https:\/\/www.mogewszystko.edu.pl\/przedszkole\/wp-json\/wp\/v2\/pages\/553\/revisions"}],"predecessor-version":[{"id":585,"href":"https:\/\/www.mogewszystko.edu.pl\/przedszkole\/wp-json\/wp\/v2\/pages\/553\/revisions\/585"}],"wp:attachment":[{"href":"https:\/\/www.mogewszystko.edu.pl\/przedszkole\/wp-json\/wp\/v2\/media?parent=553"}],"curies":[{"name":"wp","href":"https:\/\/api.w.org\/{rel}","templated":true}]}}