{"id":571,"date":"2025-04-26T11:41:20","date_gmt":"2025-04-26T09:41:20","guid":{"rendered":"https:\/\/www.mogewszystko.edu.pl\/przedszkole\/?page_id=571"},"modified":"2025-04-26T11:52:30","modified_gmt":"2025-04-26T09:52:30","slug":"helena-piotrowska","status":"publish","type":"page","link":"https:\/\/www.mogewszystko.edu.pl\/przedszkole\/helena-piotrowska\/","title":{"rendered":"Helena Piotrowska"},"content":{"rendered":"\n<div class=\"wp-block-uagb-container uagb-block-bmkvi4mj alignfull uagb-is-root-container\"><div class=\"uagb-container-inner-blocks-wrap\">\n<div class=\"wp-block-columns is-layout-flex wp-container-core-columns-is-layout-28f84493 wp-block-columns-is-layout-flex\">\n<div class=\"wp-block-column is-layout-flow wp-block-column-is-layout-flow\" style=\"flex-basis:100%\">\n<div class=\"wp-block-columns is-layout-flex wp-container-core-columns-is-layout-28f84493 wp-block-columns-is-layout-flex\">\n<div class=\"wp-block-column is-layout-flow wp-block-column-is-layout-flow\" style=\"flex-basis:50%\">\n<p class=\"has-text-align-left\"><strong>Helena Piotrowska &#8211; fizjoterapeuta<\/strong><\/p>\n\n\n\n<p class=\"has-text-align-left\">Jestem magistrem fizjoterapii oraz certyfikowan\u0105 terapeutk\u0105 integracji sensorycznej. Uko\u0144czy\u0142am Akademi\u0119 Medyczn\u0105 w Gda\u0144sku, a swoj\u0105 wiedz\u0119 stale poszerzam poprzez liczne kursy i szkolenia, aby zapewni\u0107 moim pacjentom terapi\u0119 opart\u0105 na najnowszych metodach i badaniach.<\/p>\n\n\n\n<p>Moja pasja to praca z dzie\u0107mi \u2013 ka\u017cde z nich jest wyj\u0105tkowe i wymaga indywidualnego podej\u015bcia. Dlatego w swojej praktyce koncentruj\u0119 si\u0119 na holistycznym spojrzeniu na potrzeby ma\u0142ych pacjent\u00f3w, \u0142\u0105cz\u0105c r\u00f3\u017cne metody terapii, by skutecznie wspiera\u0107 ich rozw\u00f3j. Przez lata zdobywa\u0142am do\u015bwiadczenie, pracuj\u0105c zar\u00f3wno z dzie\u0107mi, jak i doros\u0142ymi z r\u00f3\u017cnorodnymi trudno\u015bciami.<\/p>\n\n\n\n<p>Podczas terapii k\u0142ad\u0119 ogromny nacisk na budowanie zaufania i pozytywnej relacji, poniewa\u017c wiem, \u017ce poczucie bezpiecze\u0144stwa jest kluczowe w procesie terapeutycznym. Moje podej\u015bcie opiera si\u0119 na empatii, cierpliwo\u015bci i dostosowaniu metod do indywidualnych potrzeb ka\u017cdego pacjenta, tak aby terapia by\u0142a nie tylko skuteczna, ale r\u00f3wnie\u017c przyjemna.<\/p>\n\n\n\n<p class=\"has-text-align-left\">Prywatnie pasjonuj\u0119 si\u0119 podr\u00f3\u017cami, g\u00f3rskimi w\u0119dr\u00f3wkami i jazd\u0105 na rowerze. Wierz\u0119, \u017ce kontakt z natur\u0105 i zwierz\u0119tami daje mi energi\u0119 oraz harmoni\u0119, kt\u00f3re przek\u0142adam na swoj\u0105 prac\u0119 zawodow\u0105.<\/p>\n\n\n\n<p><\/p>\n<\/div>\n\n\n\n<div class=\"wp-block-column is-layout-flow wp-block-column-is-layout-flow\" style=\"flex-basis:50%\">\n<figure class=\"wp-block-image size-large is-resized\"><img loading=\"lazy\" decoding=\"async\" width=\"819\" height=\"1024\" src=\"https:\/\/www.mogewszystko.edu.pl\/przedszkole\/wp-content\/uploads\/sites\/3\/2025\/03\/Helena-Piotrowska-819x1024.jpeg\" alt=\"\" class=\"wp-image-433\" style=\"aspect-ratio:1;object-fit:cover;width:400px\" srcset=\"https:\/\/www.mogewszystko.edu.pl\/przedszkole\/wp-content\/uploads\/sites\/3\/2025\/03\/Helena-Piotrowska-819x1024.jpeg 819w, https:\/\/www.mogewszystko.edu.pl\/przedszkole\/wp-content\/uploads\/sites\/3\/2025\/03\/Helena-Piotrowska-240x300.jpeg 240w, https:\/\/www.mogewszystko.edu.pl\/przedszkole\/wp-content\/uploads\/sites\/3\/2025\/03\/Helena-Piotrowska-768x960.jpeg 768w, https:\/\/www.mogewszystko.edu.pl\/przedszkole\/wp-content\/uploads\/sites\/3\/2025\/03\/Helena-Piotrowska.jpeg 1068w\" sizes=\"auto, (max-width: 819px) 100vw, 819px\" \/><\/figure>\n<\/div>\n<\/div>\n<\/div>\n<\/div>\n\n\n\n<div class=\"wp-block-uagb-container uagb-block-gw4ooggb alignfull uagb-is-root-container\"><div class=\"uagb-container-inner-blocks-wrap\">\n<div class=\"wp-block-uagb-buttons uagb-buttons__outer-wrap uagb-btn__default-btn uagb-btn-tablet__default-btn uagb-btn-mobile__default-btn uagb-block-ieuy6vdq\"><div class=\"uagb-buttons__wrap uagb-buttons-layout-wrap \">\n<div class=\"wp-block-uagb-buttons-child uagb-buttons__outer-wrap uagb-block-q1hrgew6 wp-block-button\"><div class=\"uagb-button__wrapper\"><a class=\"uagb-buttons-repeater wp-block-button__link\" aria-label=\"\" href=\"https:\/\/www.mogewszystko.edu.pl\/przedszkole\/#kadra\" rel=\"follow noopener\" target=\"_self\" role=\"button\"><div class=\"uagb-button__link\">Powr\u00f3t<\/div><\/a><\/div><\/div>\n<\/div><\/div>\n<\/div><\/div>\n<\/div><\/div>\n","protected":false},"excerpt":{"rendered":"<p>Helena Piotrowska &#8211; fizjoterapeuta Jestem magistrem fizjoterapii oraz certyfikowan\u0105 terapeutk\u0105 integracji sensorycznej. Uko\u0144czy\u0142am Akademi\u0119 Medyczn\u0105 w Gda\u0144sku, a swoj\u0105 wiedz\u0119 [&hellip;]<\/p>\n","protected":false},"author":1,"featured_media":0,"parent":0,"menu_order":0,"comment_status":"closed","ping_status":"closed","template":"","meta":{"_uag_custom_page_level_css":"","site-sidebar-layout":"default","site-content-layout":"","ast-site-content-layout":"","site-content-style":"default","site-sidebar-style":"default","ast-global-header-display":"","ast-banner-title-visibility":"","ast-main-header-display":"","ast-hfb-above-header-display":"","ast-hfb-below-header-display":"","ast-hfb-mobile-header-display":"","site-post-title":"disabled","ast-breadcrumbs-content":"","ast-featured-img":"","footer-sml-layout":"","theme-transparent-header-meta":"","adv-header-id-meta":"","stick-header-meta":"","header-above-stick-meta":"","header-main-stick-meta":"","header-below-stick-meta":"","astra-migrate-meta-layouts":"default","ast-page-background-enabled":"default","ast-page-background-meta":{"desktop":{"background-color":"var(--ast-global-color-4)","background-image":"","background-repeat":"repeat","background-position":"center center","background-size":"auto","background-attachment":"scroll","background-type":"","background-media":"","overlay-type":"","overlay-color":"","overlay-opacity":"","overlay-gradient":""},"tablet":{"background-color":"","background-image":"","background-repeat":"repeat","background-position":"center center","background-size":"auto","background-attachment":"scroll","background-type":"","background-media":"","overlay-type":"","overlay-color":"","overlay-opacity":"","overlay-gradient":""},"mobile":{"background-color":"","background-image":"","background-repeat":"repeat","background-position":"center center","background-size":"auto","background-attachment":"scroll","background-type":"","background-media":"","overlay-type":"","overlay-color":"","overlay-opacity":"","overlay-gradient":""}},"ast-content-background-meta":{"desktop":{"background-color":"var(--ast-global-color-5)","background-image":"","background-repeat":"repeat","background-position":"center center","background-size":"auto","background-attachment":"scroll","background-type":"","background-media":"","overlay-type":"","overlay-color":"","overlay-opacity":"","overlay-gradient":""},"tablet":{"background-color":"var(--ast-global-color-5)","background-image":"","background-repeat":"repeat","background-position":"center center","background-size":"auto","background-attachment":"scroll","background-type":"","background-media":"","overlay-type":"","overlay-color":"","overlay-opacity":"","overlay-gradient":""},"mobile":{"background-color":"var(--ast-global-color-5)","background-image":"","background-repeat":"repeat","background-position":"center center","background-size":"auto","background-attachment":"scroll","background-type":"","background-media":"","overlay-type":"","overlay-color":"","overlay-opacity":"","overlay-gradient":""}},"footnotes":""},"class_list":["post-571","page","type-page","status-publish","hentry"],"uagb_featured_image_src":{"full":false,"thumbnail":false,"medium":false,"medium_large":false,"large":false,"1536x1536":false,"2048x2048":false},"uagb_author_info":{"display_name":"admin","author_link":"https:\/\/www.mogewszystko.edu.pl\/przedszkole\/author\/admin\/"},"uagb_comment_info":0,"uagb_excerpt":"Helena Piotrowska &#8211; fizjoterapeuta Jestem magistrem fizjoterapii oraz certyfikowan\u0105 terapeutk\u0105 integracji sensorycznej. Uko\u0144czy\u0142am Akademi\u0119 Medyczn\u0105 w Gda\u0144sku, a swoj\u0105 wiedz\u0119 [&hellip;]","_links":{"self":[{"href":"https:\/\/www.mogewszystko.edu.pl\/przedszkole\/wp-json\/wp\/v2\/pages\/571","targetHints":{"allow":["GET"]}}],"collection":[{"href":"https:\/\/www.mogewszystko.edu.pl\/przedszkole\/wp-json\/wp\/v2\/pages"}],"about":[{"href":"https:\/\/www.mogewszystko.edu.pl\/przedszkole\/wp-json\/wp\/v2\/types\/page"}],"author":[{"embeddable":true,"href":"https:\/\/www.mogewszystko.edu.pl\/przedszkole\/wp-json\/wp\/v2\/users\/1"}],"replies":[{"embeddable":true,"href":"https:\/\/www.mogewszystko.edu.pl\/przedszkole\/wp-json\/wp\/v2\/comments?post=571"}],"version-history":[{"count":4,"href":"https:\/\/www.mogewszystko.edu.pl\/przedszkole\/wp-json\/wp\/v2\/pages\/571\/revisions"}],"predecessor-version":[{"id":588,"href":"https:\/\/www.mogewszystko.edu.pl\/przedszkole\/wp-json\/wp\/v2\/pages\/571\/revisions\/588"}],"wp:attachment":[{"href":"https:\/\/www.mogewszystko.edu.pl\/przedszkole\/wp-json\/wp\/v2\/media?parent=571"}],"curies":[{"name":"wp","href":"https:\/\/api.w.org\/{rel}","templated":true}]}}