{"id":579,"date":"2025-04-26T11:47:21","date_gmt":"2025-04-26T09:47:21","guid":{"rendered":"https:\/\/www.mogewszystko.edu.pl\/przedszkole\/?page_id=579"},"modified":"2025-04-26T11:49:04","modified_gmt":"2025-04-26T09:49:04","slug":"nikola-bach","status":"publish","type":"page","link":"https:\/\/www.mogewszystko.edu.pl\/przedszkole\/nikola-bach\/","title":{"rendered":"Nikola Bach"},"content":{"rendered":"\n<div class=\"wp-block-uagb-container uagb-block-bmkvi4mj alignfull uagb-is-root-container\"><div class=\"uagb-container-inner-blocks-wrap\">\n<div class=\"wp-block-columns is-layout-flex wp-container-core-columns-is-layout-28f84493 wp-block-columns-is-layout-flex\">\n<div class=\"wp-block-column is-layout-flow wp-block-column-is-layout-flow\" style=\"flex-basis:100%\">\n<div class=\"wp-block-columns is-layout-flex wp-container-core-columns-is-layout-28f84493 wp-block-columns-is-layout-flex\">\n<div class=\"wp-block-column is-layout-flow wp-block-column-is-layout-flow\" style=\"flex-basis:50%\">\n<p class=\"has-text-align-left\"><strong>Nikola Bach &#8211; asystent nauczyciela<\/strong><\/p>\n\n\n\n<p class=\"has-text-align-left\">Jestem studentk\u0105 Pedagogiki Przedszkolnej i Wczesnoszkolnej w Akademii Ateneum. W mojej pracy z dzie\u0107mi priorytetem s\u0105 ich bezpiecze\u0144stwo, harmonijny rozw\u00f3j oraz dobre samopoczucie.<\/p>\n\n\n\n<p>Cechuje mnie ciep\u0142o, empatia i pozytywne nastawienie, dzi\u0119ki czemu tworz\u0119 atmosfer\u0119 akceptacji i wsparcia, w kt\u00f3rej ka\u017cde dziecko czuje si\u0119 wa\u017cne i docenione. K\u0142ad\u0119 du\u017cy nacisk na indywidualne podej\u015bcie, dostrzegaj\u0105c unikalne potrzeby ka\u017cdego malucha i wspieraj\u0105c go w pokonywaniu trudno\u015bci.<\/p>\n\n\n\n<p>Wierz\u0119, \u017ce u\u015bmiech, cierpliwo\u015b\u0107 i \u017cyczliwo\u015b\u0107 to klucz do budowania trwa\u0142ych i warto\u015bciowych relacji zar\u00f3wno z dzie\u0107mi, jak i ich rodzicami.<\/p>\n\n\n\n<p class=\"has-text-align-left\"><\/p>\n\n\n\n<p><\/p>\n<\/div>\n\n\n\n<div class=\"wp-block-column is-layout-flow wp-block-column-is-layout-flow\" style=\"flex-basis:50%\">\n<figure class=\"wp-block-image size-large is-resized\"><img loading=\"lazy\" decoding=\"async\" width=\"601\" height=\"1024\" src=\"https:\/\/www.mogewszystko.edu.pl\/przedszkole\/wp-content\/uploads\/sites\/3\/2025\/03\/Nikola-Bach-1-601x1024.jpg\" alt=\"\" class=\"wp-image-481\" style=\"aspect-ratio:1;object-fit:cover;width:400px\" srcset=\"https:\/\/www.mogewszystko.edu.pl\/przedszkole\/wp-content\/uploads\/sites\/3\/2025\/03\/Nikola-Bach-1-601x1024.jpg 601w, https:\/\/www.mogewszystko.edu.pl\/przedszkole\/wp-content\/uploads\/sites\/3\/2025\/03\/Nikola-Bach-1-176x300.jpg 176w, https:\/\/www.mogewszystko.edu.pl\/przedszkole\/wp-content\/uploads\/sites\/3\/2025\/03\/Nikola-Bach-1-768x1308.jpg 768w, https:\/\/www.mogewszystko.edu.pl\/przedszkole\/wp-content\/uploads\/sites\/3\/2025\/03\/Nikola-Bach-1-902x1536.jpg 902w, https:\/\/www.mogewszystko.edu.pl\/przedszkole\/wp-content\/uploads\/sites\/3\/2025\/03\/Nikola-Bach-1.jpg 1100w\" sizes=\"auto, (max-width: 601px) 100vw, 601px\" \/><\/figure>\n<\/div>\n<\/div>\n<\/div>\n<\/div>\n\n\n\n<div class=\"wp-block-uagb-container uagb-block-gw4ooggb alignfull uagb-is-root-container\"><div class=\"uagb-container-inner-blocks-wrap\">\n<div class=\"wp-block-uagb-buttons uagb-buttons__outer-wrap uagb-btn__default-btn uagb-btn-tablet__default-btn uagb-btn-mobile__default-btn uagb-block-ieuy6vdq\"><div class=\"uagb-buttons__wrap uagb-buttons-layout-wrap \">\n<div class=\"wp-block-uagb-buttons-child uagb-buttons__outer-wrap uagb-block-q1hrgew6 wp-block-button\"><div class=\"uagb-button__wrapper\"><a class=\"uagb-buttons-repeater wp-block-button__link\" aria-label=\"\" href=\"https:\/\/www.mogewszystko.edu.pl\/przedszkole\/#kadra\" rel=\"follow noopener\" target=\"_self\" role=\"button\"><div class=\"uagb-button__link\">Powr\u00f3t<\/div><\/a><\/div><\/div>\n<\/div><\/div>\n<\/div><\/div>\n<\/div><\/div>\n","protected":false},"excerpt":{"rendered":"<p>Nikola Bach &#8211; asystent nauczyciela Jestem studentk\u0105 Pedagogiki Przedszkolnej i Wczesnoszkolnej w Akademii Ateneum. W mojej pracy z dzie\u0107mi priorytetem [&hellip;]<\/p>\n","protected":false},"author":1,"featured_media":0,"parent":0,"menu_order":0,"comment_status":"closed","ping_status":"closed","template":"","meta":{"_uag_custom_page_level_css":"","site-sidebar-layout":"default","site-content-layout":"","ast-site-content-layout":"","site-content-style":"default","site-sidebar-style":"default","ast-global-header-display":"","ast-banner-title-visibility":"","ast-main-header-display":"","ast-hfb-above-header-display":"","ast-hfb-below-header-display":"","ast-hfb-mobile-header-display":"","site-post-title":"disabled","ast-breadcrumbs-content":"","ast-featured-img":"","footer-sml-layout":"","theme-transparent-header-meta":"","adv-header-id-meta":"","stick-header-meta":"","header-above-stick-meta":"","header-main-stick-meta":"","header-below-stick-meta":"","astra-migrate-meta-layouts":"default","ast-page-background-enabled":"default","ast-page-background-meta":{"desktop":{"background-color":"var(--ast-global-color-4)","background-image":"","background-repeat":"repeat","background-position":"center center","background-size":"auto","background-attachment":"scroll","background-type":"","background-media":"","overlay-type":"","overlay-color":"","overlay-opacity":"","overlay-gradient":""},"tablet":{"background-color":"","background-image":"","background-repeat":"repeat","background-position":"center center","background-size":"auto","background-attachment":"scroll","background-type":"","background-media":"","overlay-type":"","overlay-color":"","overlay-opacity":"","overlay-gradient":""},"mobile":{"background-color":"","background-image":"","background-repeat":"repeat","background-position":"center center","background-size":"auto","background-attachment":"scroll","background-type":"","background-media":"","overlay-type":"","overlay-color":"","overlay-opacity":"","overlay-gradient":""}},"ast-content-background-meta":{"desktop":{"background-color":"var(--ast-global-color-5)","background-image":"","background-repeat":"repeat","background-position":"center center","background-size":"auto","background-attachment":"scroll","background-type":"","background-media":"","overlay-type":"","overlay-color":"","overlay-opacity":"","overlay-gradient":""},"tablet":{"background-color":"var(--ast-global-color-5)","background-image":"","background-repeat":"repeat","background-position":"center center","background-size":"auto","background-attachment":"scroll","background-type":"","background-media":"","overlay-type":"","overlay-color":"","overlay-opacity":"","overlay-gradient":""},"mobile":{"background-color":"var(--ast-global-color-5)","background-image":"","background-repeat":"repeat","background-position":"center center","background-size":"auto","background-attachment":"scroll","background-type":"","background-media":"","overlay-type":"","overlay-color":"","overlay-opacity":"","overlay-gradient":""}},"footnotes":""},"class_list":["post-579","page","type-page","status-publish","hentry"],"uagb_featured_image_src":{"full":false,"thumbnail":false,"medium":false,"medium_large":false,"large":false,"1536x1536":false,"2048x2048":false},"uagb_author_info":{"display_name":"admin","author_link":"https:\/\/www.mogewszystko.edu.pl\/przedszkole\/author\/admin\/"},"uagb_comment_info":0,"uagb_excerpt":"Nikola Bach &#8211; asystent nauczyciela Jestem studentk\u0105 Pedagogiki Przedszkolnej i Wczesnoszkolnej w Akademii Ateneum. W mojej pracy z dzie\u0107mi priorytetem [&hellip;]","_links":{"self":[{"href":"https:\/\/www.mogewszystko.edu.pl\/przedszkole\/wp-json\/wp\/v2\/pages\/579","targetHints":{"allow":["GET"]}}],"collection":[{"href":"https:\/\/www.mogewszystko.edu.pl\/przedszkole\/wp-json\/wp\/v2\/pages"}],"about":[{"href":"https:\/\/www.mogewszystko.edu.pl\/przedszkole\/wp-json\/wp\/v2\/types\/page"}],"author":[{"embeddable":true,"href":"https:\/\/www.mogewszystko.edu.pl\/przedszkole\/wp-json\/wp\/v2\/users\/1"}],"replies":[{"embeddable":true,"href":"https:\/\/www.mogewszystko.edu.pl\/przedszkole\/wp-json\/wp\/v2\/comments?post=579"}],"version-history":[{"count":3,"href":"https:\/\/www.mogewszystko.edu.pl\/przedszkole\/wp-json\/wp\/v2\/pages\/579\/revisions"}],"predecessor-version":[{"id":583,"href":"https:\/\/www.mogewszystko.edu.pl\/przedszkole\/wp-json\/wp\/v2\/pages\/579\/revisions\/583"}],"wp:attachment":[{"href":"https:\/\/www.mogewszystko.edu.pl\/przedszkole\/wp-json\/wp\/v2\/media?parent=579"}],"curies":[{"name":"wp","href":"https:\/\/api.w.org\/{rel}","templated":true}]}}